{"id":6306,"date":"2021-07-22T14:04:42","date_gmt":"2021-07-22T14:04:42","guid":{"rendered":"http:\/\/vermay.geb-staging.de\/?post_type=product&#038;p=6306"},"modified":"2026-01-16T07:33:55","modified_gmt":"2026-01-16T07:33:55","slug":"machine-foot-for-high-load-tg","status":"publish","type":"product","link":"https:\/\/vermay.de\/hu\/termek\/machine-foot-for-high-load-tg\/","title":{"rendered":"TG"},"content":{"rendered":"<p>A felhaszn\u00e1lt anyagok \u00e9s az alap kialak\u00edt\u00e1sa megfelelnek a higi\u00e9niai alkalmass\u00e1ghoz elengedhetetlen\u00fcl sz\u00fcks\u00e9ges valamennyi k\u00f6vetelm\u00e9nynek. A finoman eszterg\u00e1lt l\u00e1bt\u00e1ny\u00e9r ferde, ez\u00e9rt nagyon k\u00f6nnyen tiszt\u00e1n tarthat\u00f3. Az opcion\u00e1lis nitrilgumib\u00f3l (NBR, fekete) k\u00e9sz\u00fclt bet\u00e9t elnyeli az enyhe rezg\u00e9seket \u00e9s cs\u00fasz\u00e1sg\u00e1tl\u00f3 hat\u00e1s\u00fa. A menetes ors\u00f3 forgathat\u00f3an kapcsol\u00f3dik a l\u00e1bt\u00e1ny\u00e9rhoz. A l\u00e1bt\u00e1ny\u00e9r k\u00fcl\u00f6nb\u00f6z\u0151 v\u00e1ltozatokban kaphat\u00f3.<\/p>","protected":false},"excerpt":{"rendered":"<ul>\n<li>Rozsdamentes ac\u00e9l g\u00e9palap<\/li>\n<li>Teller 90 &#8211; 150 mm \u00d8 f\u00fcr hohe Belastung<\/li>\n<li>Az ors\u00f3 forgathat\u00f3.<\/li>\n<li><img decoding=\"async\" class=\"icongewicht icongewicht1\" src=\"https:\/\/vermay.de\/\/wp-content\/uploads\/2024\/11\/gewicht-2.svg\" \/><br \/>\n<img decoding=\"async\" class=\"icongewicht icongewicht2\" src=\"https:\/\/vermay.de\/\/wp-content\/uploads\/2024\/11\/gewicht.svg\" \/>Terhel\u00e9si tartom\u00e1ny:<br \/>\n1.200 &#8211; 4.000 kg<\/li>\n<\/ul>","protected":false},"featured_media":19201,"template":"","meta":{"_acf_changed":false},"product_brand":[],"product_cat":[42],"product_tag":[535,539,533],"class_list":{"0":"post-6306","1":"product","2":"type-product","3":"status-publish","4":"has-post-thumbnail","6":"product_cat-maschinenfuse-nivellierfuse","7":"product_tag-logistik-foerderanlagen-etikettiermaschinen-etc","8":"product_tag-maschinen-anlagen-und-behaelterbau","9":"product_tag-medizintechnik-wiege-u-messetechnik-elektrotechnik","11":"first","12":"instock","13":"taxable","14":"shipping-taxable","15":"purchasable","16":"product-type-variable","17":"has-default-attributes"},"acf":[],"yoast_head":"<!-- This site is optimized with the Yoast SEO plugin v27.6 - https:\/\/yoast.com\/product\/yoast-seo-wordpress\/ -->\n<title>TG - Maschinenf\u00fc\u00dfe - VERMAY GmbH<\/title>\n<meta name=\"description\" content=\"Bei den verwendeten Materialien des TG wurden alle Auflagen erf\u00fcllt, die f\u00fcr eine Hygienetauglichkeit ma\u00dfgeblich sind.\" \/>\n<meta name=\"robots\" content=\"index, follow, max-snippet:-1, max-image-preview:large, max-video-preview:-1\" \/>\n<link rel=\"canonical\" href=\"https:\/\/vermay.de\/hu\/termek\/machine-foot-for-high-load-tg\/\" \/>\n<meta property=\"og:locale\" content=\"hu_HU\" \/>\n<meta property=\"og:type\" content=\"article\" \/>\n<meta property=\"og:title\" content=\"TG - Maschinenf\u00fc\u00dfe - VERMAY GmbH\" \/>\n<meta property=\"og:description\" content=\"Bei den verwendeten Materialien des TG wurden alle Auflagen erf\u00fcllt, die f\u00fcr eine Hygienetauglichkeit ma\u00dfgeblich sind.\" \/>\n<meta property=\"og:url\" content=\"https:\/\/vermay.de\/hu\/termek\/machine-foot-for-high-load-tg\/\" \/>\n<meta property=\"og:site_name\" content=\"VERMAY GmbH\" \/>\n<meta property=\"article:modified_time\" content=\"2026-01-16T07:33:55+00:00\" \/>\n<meta property=\"og:image\" content=\"https:\/\/vermay.de\/wp-content\/uploads\/2021\/07\/Maschinenfuss_TG_Vermay_01.jpeg\" \/>\n\t<meta property=\"og:image:width\" content=\"400\" \/>\n\t<meta property=\"og:image:height\" content=\"400\" \/>\n\t<meta property=\"og:image:type\" content=\"image\/jpeg\" \/>\n<meta name=\"twitter:card\" content=\"summary_large_image\" \/>\n<meta name=\"twitter:label1\" content=\"Becs\u00fclt olvas\u00e1si id\u0151\" \/>\n\t<meta name=\"twitter:data1\" content=\"1 perc\" \/>\n<script type=\"application\/ld+json\" class=\"yoast-schema-graph\">{\"@context\":\"https:\\\/\\\/schema.org\",\"@graph\":[{\"@type\":\"WebPage\",\"@id\":\"https:\\\/\\\/vermay.de\\\/produkt\\\/maschinenfuss-fuer-hohe-belastung-tg\\\/\",\"url\":\"https:\\\/\\\/vermay.de\\\/produkt\\\/maschinenfuss-fuer-hohe-belastung-tg\\\/\",\"name\":\"TG - Maschinenf\u00fc\u00dfe - VERMAY GmbH\",\"isPartOf\":{\"@id\":\"https:\\\/\\\/vermay.de\\\/#website\"},\"primaryImageOfPage\":{\"@id\":\"https:\\\/\\\/vermay.de\\\/produkt\\\/maschinenfuss-fuer-hohe-belastung-tg\\\/#primaryimage\"},\"image\":{\"@id\":\"https:\\\/\\\/vermay.de\\\/produkt\\\/maschinenfuss-fuer-hohe-belastung-tg\\\/#primaryimage\"},\"thumbnailUrl\":\"https:\\\/\\\/vermay.de\\\/wp-content\\\/uploads\\\/2021\\\/07\\\/Maschinenfuss_TG_Vermay_01.jpeg\",\"datePublished\":\"2021-07-22T14:04:42+00:00\",\"dateModified\":\"2026-01-16T07:33:55+00:00\",\"description\":\"Bei den verwendeten Materialien des TG wurden alle Auflagen erf\u00fcllt, die f\u00fcr eine Hygienetauglichkeit ma\u00dfgeblich sind.\",\"breadcrumb\":{\"@id\":\"https:\\\/\\\/vermay.de\\\/produkt\\\/maschinenfuss-fuer-hohe-belastung-tg\\\/#breadcrumb\"},\"inLanguage\":\"hu\",\"potentialAction\":[{\"@type\":\"ReadAction\",\"target\":[\"https:\\\/\\\/vermay.de\\\/produkt\\\/maschinenfuss-fuer-hohe-belastung-tg\\\/\"]}]},{\"@type\":\"ImageObject\",\"inLanguage\":\"hu\",\"@id\":\"https:\\\/\\\/vermay.de\\\/produkt\\\/maschinenfuss-fuer-hohe-belastung-tg\\\/#primaryimage\",\"url\":\"https:\\\/\\\/vermay.de\\\/wp-content\\\/uploads\\\/2021\\\/07\\\/Maschinenfuss_TG_Vermay_01.jpeg\",\"contentUrl\":\"https:\\\/\\\/vermay.de\\\/wp-content\\\/uploads\\\/2021\\\/07\\\/Maschinenfuss_TG_Vermay_01.jpeg\",\"width\":400,\"height\":400,\"caption\":\"TG stehend\"},{\"@type\":\"BreadcrumbList\",\"@id\":\"https:\\\/\\\/vermay.de\\\/produkt\\\/maschinenfuss-fuer-hohe-belastung-tg\\\/#breadcrumb\",\"itemListElement\":[{\"@type\":\"ListItem\",\"position\":1,\"name\":\"Startseite\",\"item\":\"https:\\\/\\\/vermay.de\\\/\"},{\"@type\":\"ListItem\",\"position\":2,\"name\":\"Produktkonfigurator\",\"item\":\"https:\\\/\\\/vermay.de\\\/produktkonfigurator\\\/\"},{\"@type\":\"ListItem\",\"position\":3,\"name\":\"TG\"}]},{\"@type\":\"WebSite\",\"@id\":\"https:\\\/\\\/vermay.de\\\/#website\",\"url\":\"https:\\\/\\\/vermay.de\\\/\",\"name\":\"VERMAY GmbH\",\"description\":\"on the level\",\"publisher\":{\"@id\":\"https:\\\/\\\/vermay.de\\\/#organization\"},\"potentialAction\":[{\"@type\":\"SearchAction\",\"target\":{\"@type\":\"EntryPoint\",\"urlTemplate\":\"https:\\\/\\\/vermay.de\\\/?s={search_term_string}\"},\"query-input\":{\"@type\":\"PropertyValueSpecification\",\"valueRequired\":true,\"valueName\":\"search_term_string\"}}],\"inLanguage\":\"hu\"},{\"@type\":\"Organization\",\"@id\":\"https:\\\/\\\/vermay.de\\\/#organization\",\"name\":\"VERMAY GmbH\",\"url\":\"https:\\\/\\\/vermay.de\\\/\",\"logo\":{\"@type\":\"ImageObject\",\"inLanguage\":\"hu\",\"@id\":\"https:\\\/\\\/vermay.de\\\/#\\\/schema\\\/logo\\\/image\\\/\",\"url\":\"https:\\\/\\\/vermay.de\\\/wp-content\\\/uploads\\\/2021\\\/05\\\/Vermay_Logo_rgb.svg\",\"contentUrl\":\"https:\\\/\\\/vermay.de\\\/wp-content\\\/uploads\\\/2021\\\/05\\\/Vermay_Logo_rgb.svg\",\"width\":232,\"height\":80,\"caption\":\"VERMAY GmbH\"},\"image\":{\"@id\":\"https:\\\/\\\/vermay.de\\\/#\\\/schema\\\/logo\\\/image\\\/\"}}]}<\/script>\n<!-- \/ Yoast SEO plugin. -->","yoast_head_json":{"title":"TG - G\u00e9pl\u00e1bak - VERMAY GmbH","description":"A TG-ben haszn\u00e1lt anyagok megfelelnek a higi\u00e9niai alkalmass\u00e1gi k\u00f6vetelm\u00e9nyeknek.","robots":{"index":"index","follow":"follow","max-snippet":"max-snippet:-1","max-image-preview":"max-image-preview:large","max-video-preview":"max-video-preview:-1"},"canonical":"https:\/\/vermay.de\/hu\/termek\/machine-foot-for-high-load-tg\/","og_locale":"hu_HU","og_type":"article","og_title":"TG - Maschinenf\u00fc\u00dfe - VERMAY GmbH","og_description":"Bei den verwendeten Materialien des TG wurden alle Auflagen erf\u00fcllt, die f\u00fcr eine Hygienetauglichkeit ma\u00dfgeblich sind.","og_url":"https:\/\/vermay.de\/hu\/termek\/machine-foot-for-high-load-tg\/","og_site_name":"VERMAY GmbH","article_modified_time":"2026-01-16T07:33:55+00:00","og_image":[{"width":400,"height":400,"url":"https:\/\/vermay.de\/wp-content\/uploads\/2021\/07\/Maschinenfuss_TG_Vermay_01.jpeg","type":"image\/jpeg"}],"twitter_card":"summary_large_image","twitter_misc":{"Becs\u00fclt olvas\u00e1si id\u0151":"1 perc"},"schema":{"@context":"https:\/\/schema.org","@graph":[{"@type":"WebPage","@id":"https:\/\/vermay.de\/produkt\/maschinenfuss-fuer-hohe-belastung-tg\/","url":"https:\/\/vermay.de\/produkt\/maschinenfuss-fuer-hohe-belastung-tg\/","name":"TG - G\u00e9pl\u00e1bak - VERMAY GmbH","isPartOf":{"@id":"https:\/\/vermay.de\/#website"},"primaryImageOfPage":{"@id":"https:\/\/vermay.de\/produkt\/maschinenfuss-fuer-hohe-belastung-tg\/#primaryimage"},"image":{"@id":"https:\/\/vermay.de\/produkt\/maschinenfuss-fuer-hohe-belastung-tg\/#primaryimage"},"thumbnailUrl":"https:\/\/vermay.de\/wp-content\/uploads\/2021\/07\/Maschinenfuss_TG_Vermay_01.jpeg","datePublished":"2021-07-22T14:04:42+00:00","dateModified":"2026-01-16T07:33:55+00:00","description":"A TG-ben haszn\u00e1lt anyagok megfelelnek a higi\u00e9niai alkalmass\u00e1gi k\u00f6vetelm\u00e9nyeknek.","breadcrumb":{"@id":"https:\/\/vermay.de\/produkt\/maschinenfuss-fuer-hohe-belastung-tg\/#breadcrumb"},"inLanguage":"hu","potentialAction":[{"@type":"ReadAction","target":["https:\/\/vermay.de\/produkt\/maschinenfuss-fuer-hohe-belastung-tg\/"]}]},{"@type":"ImageObject","inLanguage":"hu","@id":"https:\/\/vermay.de\/produkt\/maschinenfuss-fuer-hohe-belastung-tg\/#primaryimage","url":"https:\/\/vermay.de\/wp-content\/uploads\/2021\/07\/Maschinenfuss_TG_Vermay_01.jpeg","contentUrl":"https:\/\/vermay.de\/wp-content\/uploads\/2021\/07\/Maschinenfuss_TG_Vermay_01.jpeg","width":400,"height":400,"caption":"TG stehend"},{"@type":"BreadcrumbList","@id":"https:\/\/vermay.de\/produkt\/maschinenfuss-fuer-hohe-belastung-tg\/#breadcrumb","itemListElement":[{"@type":"ListItem","position":1,"name":"Startseite","item":"https:\/\/vermay.de\/"},{"@type":"ListItem","position":2,"name":"Produktkonfigurator","item":"https:\/\/vermay.de\/produktkonfigurator\/"},{"@type":"ListItem","position":3,"name":"TG"}]},{"@type":"WebSite","@id":"https:\/\/vermay.de\/#website","url":"https:\/\/vermay.de\/","name":"VERMAY GmbH","description":"a szinten","publisher":{"@id":"https:\/\/vermay.de\/#organization"},"potentialAction":[{"@type":"SearchAction","target":{"@type":"EntryPoint","urlTemplate":"https:\/\/vermay.de\/?s={search_term_string}"},"query-input":{"@type":"PropertyValueSpecification","valueRequired":true,"valueName":"search_term_string"}}],"inLanguage":"hu"},{"@type":"Organization","@id":"https:\/\/vermay.de\/#organization","name":"VERMAY GmbH","url":"https:\/\/vermay.de\/","logo":{"@type":"ImageObject","inLanguage":"hu","@id":"https:\/\/vermay.de\/#\/schema\/logo\/image\/","url":"https:\/\/vermay.de\/wp-content\/uploads\/2021\/05\/Vermay_Logo_rgb.svg","contentUrl":"https:\/\/vermay.de\/wp-content\/uploads\/2021\/05\/Vermay_Logo_rgb.svg","width":232,"height":80,"caption":"VERMAY GmbH"},"image":{"@id":"https:\/\/vermay.de\/#\/schema\/logo\/image\/"}}]}},"_links":{"self":[{"href":"https:\/\/vermay.de\/hu\/wp-json\/wp\/v2\/product\/6306","targetHints":{"allow":["GET"]}}],"collection":[{"href":"https:\/\/vermay.de\/hu\/wp-json\/wp\/v2\/product"}],"about":[{"href":"https:\/\/vermay.de\/hu\/wp-json\/wp\/v2\/types\/product"}],"version-history":[{"count":11,"href":"https:\/\/vermay.de\/hu\/wp-json\/wp\/v2\/product\/6306\/revisions"}],"predecessor-version":[{"id":31228,"href":"https:\/\/vermay.de\/hu\/wp-json\/wp\/v2\/product\/6306\/revisions\/31228"}],"wp:featuredmedia":[{"embeddable":true,"href":"https:\/\/vermay.de\/hu\/wp-json\/wp\/v2\/media\/19201"}],"wp:attachment":[{"href":"https:\/\/vermay.de\/hu\/wp-json\/wp\/v2\/media?parent=6306"}],"wp:term":[{"taxonomy":"product_brand","embeddable":true,"href":"https:\/\/vermay.de\/hu\/wp-json\/wp\/v2\/product_brand?post=6306"},{"taxonomy":"product_cat","embeddable":true,"href":"https:\/\/vermay.de\/hu\/wp-json\/wp\/v2\/product_cat?post=6306"},{"taxonomy":"product_tag","embeddable":true,"href":"https:\/\/vermay.de\/hu\/wp-json\/wp\/v2\/product_tag?post=6306"}],"curies":[{"name":"wp","href":"https:\/\/api.w.org\/{rel}","templated":true}]}}