{"id":30725,"date":"2025-06-12T12:31:17","date_gmt":"2025-06-12T12:31:17","guid":{"rendered":"https:\/\/vermay.de\/?post_type=product&#038;p=30725"},"modified":"2026-01-14T11:10:38","modified_gmt":"2026-01-14T11:10:38","slug":"tg-hth-2-ehedg","status":"publish","type":"product","link":"https:\/\/vermay.de\/hu\/termek\/tg-hth-2-ehedg\/","title":{"rendered":"TG-HTH 2 &#8211; EHEDG"},"content":{"rendered":"<p>Az EHEDG tan\u00fas\u00edtv\u00e1nnyal rendelkez\u0151 g\u00e9palapot ott haszn\u00e1lj\u00e1k, ahol az \u00f6sszes szigor\u00fa EHEDG \u00e9lelmiszer-higi\u00e9niai k\u00f6vetelm\u00e9nynek meg kell felelni.<\/p>\n<p>Az alaplemez a higi\u00e9niai el\u0151\u00edr\u00e1soknak megfelel\u0151en k\u00e9sz\u00fcl, k\u00f6nnyen tiszt\u00edthat\u00f3 \u00e9s FDA \u00e1ltal tan\u00fas\u00edtott cs\u00fasz\u00e1smentes gumival van ell\u00e1tva (FDA CFR 21 177 2600). A k\u00e9t oldals\u00f3 furat seg\u00edts\u00e9g\u00e9vel a padl\u00f3hoz r\u00f6gz\u00edthet\u0151. Az A2-70-es menetes tengely 10\u00b0-os sz\u00f6gben csatlakozik a talplemezhez.<\/p>\n<p>A higi\u00e9nikus l\u00e1b kialak\u00edt\u00e1sa megakad\u00e1lyozza a bakt\u00e9riumok megteleped\u00e9s\u00e9t, \u00e9s ez\u00e1ltal cs\u00f6kkenti a tiszt\u00edt\u00e1si k\u00f6lts\u00e9geket.<\/p>\n<p>V\u00e1rjuk \u00e9rdekl\u0151d\u00e9s\u00e9t.<\/p>","protected":false},"excerpt":{"rendered":"<ul>\n<li>K\u00e9k gumival az FDA szabv\u00e1ny szerint<\/li>\n<li>K\u00e9t r\u00f6gz\u00edt\u0151furattal<\/li>\n<li>Menetes h\u00fcvely, amely v\u00e9di a menetet a szennyez\u0151d\u00e9sekt\u0151l<\/li>\n<li>Az ors\u00f3 minden oldalr\u00f3l 10\u00b0-kal d\u00f6nthet\u0151<\/li>\n<li><img decoding=\"async\" class=\"icongewicht icongewicht1\" src=\"https:\/\/vermay.de\/\/wp-content\/uploads\/2024\/11\/gewicht-2.svg\" \/><br \/>\n<img decoding=\"async\" class=\"icongewicht icongewicht2\" src=\"https:\/\/vermay.de\/\/wp-content\/uploads\/2024\/11\/gewicht.svg\" \/>Terhel\u00e9si tartom\u00e1ny: 1 000 - 6 800 kg.<\/li>\n<\/ul>\n<p>&nbsp;<\/p>","protected":false},"featured_media":31111,"template":"","meta":{"_acf_changed":false},"product_brand":[],"product_cat":[39,1915],"product_tag":[],"class_list":{"0":"post-30725","1":"product","2":"type-product","3":"status-publish","4":"has-post-thumbnail","6":"product_cat-hygienefusse","7":"product_cat-maschinenfuesse-kategorie","9":"first","10":"instock","11":"taxable","12":"shipping-taxable","13":"purchasable","14":"product-type-variable","15":"has-default-attributes"},"acf":[],"yoast_head":"<!-- This site is optimized with the Yoast SEO plugin v27.6 - https:\/\/yoast.com\/product\/yoast-seo-wordpress\/ -->\n<title>TG-HTH 2 - EHEDG - VERMAY GmbH<\/title>\n<meta name=\"robots\" content=\"index, follow, max-snippet:-1, max-image-preview:large, max-video-preview:-1\" \/>\n<link rel=\"canonical\" href=\"https:\/\/vermay.de\/hu\/termek\/tg-hth-2-ehedg\/\" \/>\n<meta property=\"og:locale\" content=\"hu_HU\" \/>\n<meta property=\"og:type\" content=\"article\" \/>\n<meta property=\"og:title\" content=\"TG-HTH 2 - EHEDG - VERMAY GmbH\" \/>\n<meta property=\"og:description\" content=\"Mit blauen Gummi nach FDA-Norm  Mit zwei Befestigungsl\u00f6cher  Mit Gewindeh\u00fclse zum Schutz vor Schmutz am Gewinde  Die Spindel ist allseits 10\u00b0 neigbar   Belastungsbereich: 1.000 \u2013 6.800 kg.  &nbsp;\" \/>\n<meta property=\"og:url\" content=\"https:\/\/vermay.de\/hu\/termek\/tg-hth-2-ehedg\/\" \/>\n<meta property=\"og:site_name\" content=\"VERMAY GmbH\" \/>\n<meta property=\"article:modified_time\" content=\"2026-01-14T11:10:38+00:00\" \/>\n<meta property=\"og:image\" content=\"https:\/\/vermay.de\/wp-content\/uploads\/2025\/07\/tg-hth2-ehedg.jpg\" \/>\n\t<meta property=\"og:image:width\" content=\"1000\" \/>\n\t<meta property=\"og:image:height\" content=\"1000\" \/>\n\t<meta property=\"og:image:type\" content=\"image\/jpeg\" \/>\n<meta name=\"twitter:card\" content=\"summary_large_image\" \/>\n<meta name=\"twitter:label1\" content=\"Becs\u00fclt olvas\u00e1si id\u0151\" \/>\n\t<meta name=\"twitter:data1\" content=\"1 perc\" \/>\n<script type=\"application\/ld+json\" class=\"yoast-schema-graph\">{\"@context\":\"https:\\\/\\\/schema.org\",\"@graph\":[{\"@type\":\"WebPage\",\"@id\":\"https:\\\/\\\/vermay.de\\\/produkt\\\/tg-hth-2-ehedg\\\/\",\"url\":\"https:\\\/\\\/vermay.de\\\/produkt\\\/tg-hth-2-ehedg\\\/\",\"name\":\"TG-HTH 2 - EHEDG - VERMAY GmbH\",\"isPartOf\":{\"@id\":\"https:\\\/\\\/vermay.de\\\/#website\"},\"primaryImageOfPage\":{\"@id\":\"https:\\\/\\\/vermay.de\\\/produkt\\\/tg-hth-2-ehedg\\\/#primaryimage\"},\"image\":{\"@id\":\"https:\\\/\\\/vermay.de\\\/produkt\\\/tg-hth-2-ehedg\\\/#primaryimage\"},\"thumbnailUrl\":\"https:\\\/\\\/vermay.de\\\/wp-content\\\/uploads\\\/2025\\\/07\\\/tg-hth2-ehedg.jpg\",\"datePublished\":\"2025-06-12T12:31:17+00:00\",\"dateModified\":\"2026-01-14T11:10:38+00:00\",\"breadcrumb\":{\"@id\":\"https:\\\/\\\/vermay.de\\\/produkt\\\/tg-hth-2-ehedg\\\/#breadcrumb\"},\"inLanguage\":\"hu\",\"potentialAction\":[{\"@type\":\"ReadAction\",\"target\":[\"https:\\\/\\\/vermay.de\\\/produkt\\\/tg-hth-2-ehedg\\\/\"]}]},{\"@type\":\"ImageObject\",\"inLanguage\":\"hu\",\"@id\":\"https:\\\/\\\/vermay.de\\\/produkt\\\/tg-hth-2-ehedg\\\/#primaryimage\",\"url\":\"https:\\\/\\\/vermay.de\\\/wp-content\\\/uploads\\\/2025\\\/07\\\/tg-hth2-ehedg.jpg\",\"contentUrl\":\"https:\\\/\\\/vermay.de\\\/wp-content\\\/uploads\\\/2025\\\/07\\\/tg-hth2-ehedg.jpg\",\"width\":1000,\"height\":1000},{\"@type\":\"BreadcrumbList\",\"@id\":\"https:\\\/\\\/vermay.de\\\/produkt\\\/tg-hth-2-ehedg\\\/#breadcrumb\",\"itemListElement\":[{\"@type\":\"ListItem\",\"position\":1,\"name\":\"Startseite\",\"item\":\"https:\\\/\\\/vermay.de\\\/\"},{\"@type\":\"ListItem\",\"position\":2,\"name\":\"Produktkonfigurator\",\"item\":\"https:\\\/\\\/vermay.de\\\/produktkonfigurator\\\/\"},{\"@type\":\"ListItem\",\"position\":3,\"name\":\"TG-HTH 2 &#8211; EHEDG\"}]},{\"@type\":\"WebSite\",\"@id\":\"https:\\\/\\\/vermay.de\\\/#website\",\"url\":\"https:\\\/\\\/vermay.de\\\/\",\"name\":\"VERMAY GmbH\",\"description\":\"on the level\",\"publisher\":{\"@id\":\"https:\\\/\\\/vermay.de\\\/#organization\"},\"potentialAction\":[{\"@type\":\"SearchAction\",\"target\":{\"@type\":\"EntryPoint\",\"urlTemplate\":\"https:\\\/\\\/vermay.de\\\/?s={search_term_string}\"},\"query-input\":{\"@type\":\"PropertyValueSpecification\",\"valueRequired\":true,\"valueName\":\"search_term_string\"}}],\"inLanguage\":\"hu\"},{\"@type\":\"Organization\",\"@id\":\"https:\\\/\\\/vermay.de\\\/#organization\",\"name\":\"VERMAY GmbH\",\"url\":\"https:\\\/\\\/vermay.de\\\/\",\"logo\":{\"@type\":\"ImageObject\",\"inLanguage\":\"hu\",\"@id\":\"https:\\\/\\\/vermay.de\\\/#\\\/schema\\\/logo\\\/image\\\/\",\"url\":\"https:\\\/\\\/vermay.de\\\/wp-content\\\/uploads\\\/2021\\\/05\\\/Vermay_Logo_rgb.svg\",\"contentUrl\":\"https:\\\/\\\/vermay.de\\\/wp-content\\\/uploads\\\/2021\\\/05\\\/Vermay_Logo_rgb.svg\",\"width\":232,\"height\":80,\"caption\":\"VERMAY GmbH\"},\"image\":{\"@id\":\"https:\\\/\\\/vermay.de\\\/#\\\/schema\\\/logo\\\/image\\\/\"}}]}<\/script>\n<!-- \/ Yoast SEO plugin. -->","yoast_head_json":{"title":"TG-HTH 2 - EHEDG - VERMAY GmbH","robots":{"index":"index","follow":"follow","max-snippet":"max-snippet:-1","max-image-preview":"max-image-preview:large","max-video-preview":"max-video-preview:-1"},"canonical":"https:\/\/vermay.de\/hu\/termek\/tg-hth-2-ehedg\/","og_locale":"hu_HU","og_type":"article","og_title":"TG-HTH 2 - EHEDG - VERMAY GmbH","og_description":"Mit blauen Gummi nach FDA-Norm  Mit zwei Befestigungsl\u00f6cher  Mit Gewindeh\u00fclse zum Schutz vor Schmutz am Gewinde  Die Spindel ist allseits 10\u00b0 neigbar   Belastungsbereich: 1.000 \u2013 6.800 kg.  &nbsp;","og_url":"https:\/\/vermay.de\/hu\/termek\/tg-hth-2-ehedg\/","og_site_name":"VERMAY GmbH","article_modified_time":"2026-01-14T11:10:38+00:00","og_image":[{"width":1000,"height":1000,"url":"https:\/\/vermay.de\/wp-content\/uploads\/2025\/07\/tg-hth2-ehedg.jpg","type":"image\/jpeg"}],"twitter_card":"summary_large_image","twitter_misc":{"Becs\u00fclt olvas\u00e1si id\u0151":"1 perc"},"schema":{"@context":"https:\/\/schema.org","@graph":[{"@type":"WebPage","@id":"https:\/\/vermay.de\/produkt\/tg-hth-2-ehedg\/","url":"https:\/\/vermay.de\/produkt\/tg-hth-2-ehedg\/","name":"TG-HTH 2 - EHEDG - VERMAY GmbH","isPartOf":{"@id":"https:\/\/vermay.de\/#website"},"primaryImageOfPage":{"@id":"https:\/\/vermay.de\/produkt\/tg-hth-2-ehedg\/#primaryimage"},"image":{"@id":"https:\/\/vermay.de\/produkt\/tg-hth-2-ehedg\/#primaryimage"},"thumbnailUrl":"https:\/\/vermay.de\/wp-content\/uploads\/2025\/07\/tg-hth2-ehedg.jpg","datePublished":"2025-06-12T12:31:17+00:00","dateModified":"2026-01-14T11:10:38+00:00","breadcrumb":{"@id":"https:\/\/vermay.de\/produkt\/tg-hth-2-ehedg\/#breadcrumb"},"inLanguage":"hu","potentialAction":[{"@type":"ReadAction","target":["https:\/\/vermay.de\/produkt\/tg-hth-2-ehedg\/"]}]},{"@type":"ImageObject","inLanguage":"hu","@id":"https:\/\/vermay.de\/produkt\/tg-hth-2-ehedg\/#primaryimage","url":"https:\/\/vermay.de\/wp-content\/uploads\/2025\/07\/tg-hth2-ehedg.jpg","contentUrl":"https:\/\/vermay.de\/wp-content\/uploads\/2025\/07\/tg-hth2-ehedg.jpg","width":1000,"height":1000},{"@type":"BreadcrumbList","@id":"https:\/\/vermay.de\/produkt\/tg-hth-2-ehedg\/#breadcrumb","itemListElement":[{"@type":"ListItem","position":1,"name":"Startseite","item":"https:\/\/vermay.de\/"},{"@type":"ListItem","position":2,"name":"Produktkonfigurator","item":"https:\/\/vermay.de\/produktkonfigurator\/"},{"@type":"ListItem","position":3,"name":"TG-HTH 2 &#8211; EHEDG"}]},{"@type":"WebSite","@id":"https:\/\/vermay.de\/#website","url":"https:\/\/vermay.de\/","name":"VERMAY GmbH","description":"a szinten","publisher":{"@id":"https:\/\/vermay.de\/#organization"},"potentialAction":[{"@type":"SearchAction","target":{"@type":"EntryPoint","urlTemplate":"https:\/\/vermay.de\/?s={search_term_string}"},"query-input":{"@type":"PropertyValueSpecification","valueRequired":true,"valueName":"search_term_string"}}],"inLanguage":"hu"},{"@type":"Organization","@id":"https:\/\/vermay.de\/#organization","name":"VERMAY GmbH","url":"https:\/\/vermay.de\/","logo":{"@type":"ImageObject","inLanguage":"hu","@id":"https:\/\/vermay.de\/#\/schema\/logo\/image\/","url":"https:\/\/vermay.de\/wp-content\/uploads\/2021\/05\/Vermay_Logo_rgb.svg","contentUrl":"https:\/\/vermay.de\/wp-content\/uploads\/2021\/05\/Vermay_Logo_rgb.svg","width":232,"height":80,"caption":"VERMAY GmbH"},"image":{"@id":"https:\/\/vermay.de\/#\/schema\/logo\/image\/"}}]}},"_links":{"self":[{"href":"https:\/\/vermay.de\/hu\/wp-json\/wp\/v2\/product\/30725","targetHints":{"allow":["GET"]}}],"collection":[{"href":"https:\/\/vermay.de\/hu\/wp-json\/wp\/v2\/product"}],"about":[{"href":"https:\/\/vermay.de\/hu\/wp-json\/wp\/v2\/types\/product"}],"version-history":[{"count":4,"href":"https:\/\/vermay.de\/hu\/wp-json\/wp\/v2\/product\/30725\/revisions"}],"predecessor-version":[{"id":31293,"href":"https:\/\/vermay.de\/hu\/wp-json\/wp\/v2\/product\/30725\/revisions\/31293"}],"wp:featuredmedia":[{"embeddable":true,"href":"https:\/\/vermay.de\/hu\/wp-json\/wp\/v2\/media\/31111"}],"wp:attachment":[{"href":"https:\/\/vermay.de\/hu\/wp-json\/wp\/v2\/media?parent=30725"}],"wp:term":[{"taxonomy":"product_brand","embeddable":true,"href":"https:\/\/vermay.de\/hu\/wp-json\/wp\/v2\/product_brand?post=30725"},{"taxonomy":"product_cat","embeddable":true,"href":"https:\/\/vermay.de\/hu\/wp-json\/wp\/v2\/product_cat?post=30725"},{"taxonomy":"product_tag","embeddable":true,"href":"https:\/\/vermay.de\/hu\/wp-json\/wp\/v2\/product_tag?post=30725"}],"curies":[{"name":"wp","href":"https:\/\/api.w.org\/{rel}","templated":true}]}}