{"id":30598,"date":"2025-06-12T07:24:37","date_gmt":"2025-06-12T07:24:37","guid":{"rendered":"https:\/\/vermay.de\/?post_type=product&#038;p=30598"},"modified":"2026-01-14T11:41:33","modified_gmt":"2026-01-14T11:41:33","slug":"nfl-b-2","status":"publish","type":"product","link":"https:\/\/vermay.de\/hu\/termek\/nfl-b-2\/","title":{"rendered":"NFL-B-2"},"content":{"rendered":"<p>A rozsdamentes ac\u00e9l g\u00e9palap a higi\u00e9niai \u00e1gazat sz\u00e1m\u00e1ra megfelel az \u00e9lelmiszeriparban val\u00f3 haszn\u00e1lat k\u00f6vetelm\u00e9nyeinek.<\/p>\n<p>A l\u00e1bt\u00e1ny\u00e9r lekerek\u00edtett form\u00e1ja megk\u00f6nny\u00edti a tiszt\u00edt\u00e1st, a g\u00e9pl\u00e1b pedig egy oldals\u00f3 r\u00f6gz\u00edt\u0151f\u00fcl seg\u00edts\u00e9g\u00e9vel r\u00f6gz\u00edthet\u0151 a padl\u00f3hoz. A l\u00e1bt\u00e1ny\u00e9rba FDA tan\u00fas\u00edtv\u00e1nnyal (FDA CFR 21 177 2600) rendelkez\u0151 k\u00e9k cs\u00fasz\u00e1sg\u00e1tl\u00f3 gumit vulkaniz\u00e1ltak.<\/p>\n<p>Az A2-70-es menetes ors\u00f3 10\u00b0-os d\u0151l\u00e9ssz\u00f6ggel csatlakozik a talplemezhez.<\/p>\n<p>V\u00e1rjuk \u00e9rdekl\u0151d\u00e9s\u00e9t.<\/p>","protected":false},"excerpt":{"rendered":"<ul>\n<li>Fu\u00dfteller mit Befestigungslasche<\/li>\n<li>Vulkaniz\u00e1lt k\u00e9k gumival<\/li>\n<li>Az ors\u00f3 minden oldalr\u00f3l 10\u00b0-kal d\u00f6nthet\u0151<\/li>\n<li><img decoding=\"async\" class=\"icongewicht icongewicht1\" src=\"https:\/\/vermay.de\/\/wp-content\/uploads\/2024\/11\/gewicht-2.svg\" \/><br \/>\n<img decoding=\"async\" class=\"icongewicht icongewicht2\" src=\"https:\/\/vermay.de\/\/wp-content\/uploads\/2024\/11\/gewicht.svg\" \/>Terhel\u00e9si tartom\u00e1ny: 700 - 2 500 kg.<\/li>\n<\/ul>\n<p>&nbsp;<\/p>","protected":false},"featured_media":31028,"template":"","meta":{"_acf_changed":false},"product_brand":[],"product_cat":[39,1915],"product_tag":[],"class_list":{"0":"post-30598","1":"product","2":"type-product","3":"status-publish","4":"has-post-thumbnail","6":"product_cat-hygienefusse","7":"product_cat-maschinenfuesse-kategorie","9":"first","10":"instock","11":"taxable","12":"shipping-taxable","13":"purchasable","14":"product-type-variable","15":"has-default-attributes"},"acf":[],"yoast_head":"<!-- This site is optimized with the Yoast SEO plugin v27.6 - https:\/\/yoast.com\/product\/yoast-seo-wordpress\/ -->\n<title>NFL-B-2 - VERMAY GmbH<\/title>\n<meta name=\"robots\" content=\"index, follow, max-snippet:-1, max-image-preview:large, max-video-preview:-1\" \/>\n<link rel=\"canonical\" href=\"https:\/\/vermay.de\/hu\/termek\/nfl-b-2\/\" \/>\n<meta property=\"og:locale\" content=\"hu_HU\" \/>\n<meta property=\"og:type\" content=\"article\" \/>\n<meta property=\"og:title\" content=\"NFL-B-2 - VERMAY GmbH\" \/>\n<meta property=\"og:description\" content=\"Fu\u00dfteller mit Befestigungslasche  Mit einvulkanisiertem blauen Gummi  Die Spindel ist allseits 10\u00b0 neigbar   Belastungsbereich: 700 \u2013 2.500 kg.  &nbsp;\" \/>\n<meta property=\"og:url\" content=\"https:\/\/vermay.de\/hu\/termek\/nfl-b-2\/\" \/>\n<meta property=\"og:site_name\" content=\"VERMAY GmbH\" \/>\n<meta property=\"article:modified_time\" content=\"2026-01-14T11:41:33+00:00\" \/>\n<meta property=\"og:image\" content=\"https:\/\/vermay.de\/wp-content\/uploads\/2025\/07\/nfl_b-2-Levelling-feet-in-hygienic-design-HLF-with-floor-lock-plate-and-fully-threaded-spindle.jpg\" \/>\n\t<meta property=\"og:image:width\" content=\"1000\" \/>\n\t<meta property=\"og:image:height\" content=\"1000\" \/>\n\t<meta property=\"og:image:type\" content=\"image\/jpeg\" \/>\n<meta name=\"twitter:card\" content=\"summary_large_image\" \/>\n<meta name=\"twitter:label1\" content=\"Becs\u00fclt olvas\u00e1si id\u0151\" \/>\n\t<meta name=\"twitter:data1\" content=\"1 perc\" \/>\n<script type=\"application\/ld+json\" class=\"yoast-schema-graph\">{\"@context\":\"https:\\\/\\\/schema.org\",\"@graph\":[{\"@type\":\"WebPage\",\"@id\":\"https:\\\/\\\/vermay.de\\\/produkt\\\/nfl-b-2\\\/\",\"url\":\"https:\\\/\\\/vermay.de\\\/produkt\\\/nfl-b-2\\\/\",\"name\":\"NFL-B-2 - VERMAY GmbH\",\"isPartOf\":{\"@id\":\"https:\\\/\\\/vermay.de\\\/#website\"},\"primaryImageOfPage\":{\"@id\":\"https:\\\/\\\/vermay.de\\\/produkt\\\/nfl-b-2\\\/#primaryimage\"},\"image\":{\"@id\":\"https:\\\/\\\/vermay.de\\\/produkt\\\/nfl-b-2\\\/#primaryimage\"},\"thumbnailUrl\":\"https:\\\/\\\/vermay.de\\\/wp-content\\\/uploads\\\/2025\\\/07\\\/nfl_b-2-Levelling-feet-in-hygienic-design-HLF-with-floor-lock-plate-and-fully-threaded-spindle.jpg\",\"datePublished\":\"2025-06-12T07:24:37+00:00\",\"dateModified\":\"2026-01-14T11:41:33+00:00\",\"breadcrumb\":{\"@id\":\"https:\\\/\\\/vermay.de\\\/produkt\\\/nfl-b-2\\\/#breadcrumb\"},\"inLanguage\":\"hu\",\"potentialAction\":[{\"@type\":\"ReadAction\",\"target\":[\"https:\\\/\\\/vermay.de\\\/produkt\\\/nfl-b-2\\\/\"]}]},{\"@type\":\"ImageObject\",\"inLanguage\":\"hu\",\"@id\":\"https:\\\/\\\/vermay.de\\\/produkt\\\/nfl-b-2\\\/#primaryimage\",\"url\":\"https:\\\/\\\/vermay.de\\\/wp-content\\\/uploads\\\/2025\\\/07\\\/nfl_b-2-Levelling-feet-in-hygienic-design-HLF-with-floor-lock-plate-and-fully-threaded-spindle.jpg\",\"contentUrl\":\"https:\\\/\\\/vermay.de\\\/wp-content\\\/uploads\\\/2025\\\/07\\\/nfl_b-2-Levelling-feet-in-hygienic-design-HLF-with-floor-lock-plate-and-fully-threaded-spindle.jpg\",\"width\":1000,\"height\":1000},{\"@type\":\"BreadcrumbList\",\"@id\":\"https:\\\/\\\/vermay.de\\\/produkt\\\/nfl-b-2\\\/#breadcrumb\",\"itemListElement\":[{\"@type\":\"ListItem\",\"position\":1,\"name\":\"Startseite\",\"item\":\"https:\\\/\\\/vermay.de\\\/\"},{\"@type\":\"ListItem\",\"position\":2,\"name\":\"Produktkonfigurator\",\"item\":\"https:\\\/\\\/vermay.de\\\/produktkonfigurator\\\/\"},{\"@type\":\"ListItem\",\"position\":3,\"name\":\"NFL-B-2\"}]},{\"@type\":\"WebSite\",\"@id\":\"https:\\\/\\\/vermay.de\\\/#website\",\"url\":\"https:\\\/\\\/vermay.de\\\/\",\"name\":\"VERMAY GmbH\",\"description\":\"on the level\",\"publisher\":{\"@id\":\"https:\\\/\\\/vermay.de\\\/#organization\"},\"potentialAction\":[{\"@type\":\"SearchAction\",\"target\":{\"@type\":\"EntryPoint\",\"urlTemplate\":\"https:\\\/\\\/vermay.de\\\/?s={search_term_string}\"},\"query-input\":{\"@type\":\"PropertyValueSpecification\",\"valueRequired\":true,\"valueName\":\"search_term_string\"}}],\"inLanguage\":\"hu\"},{\"@type\":\"Organization\",\"@id\":\"https:\\\/\\\/vermay.de\\\/#organization\",\"name\":\"VERMAY GmbH\",\"url\":\"https:\\\/\\\/vermay.de\\\/\",\"logo\":{\"@type\":\"ImageObject\",\"inLanguage\":\"hu\",\"@id\":\"https:\\\/\\\/vermay.de\\\/#\\\/schema\\\/logo\\\/image\\\/\",\"url\":\"https:\\\/\\\/vermay.de\\\/wp-content\\\/uploads\\\/2021\\\/05\\\/Vermay_Logo_rgb.svg\",\"contentUrl\":\"https:\\\/\\\/vermay.de\\\/wp-content\\\/uploads\\\/2021\\\/05\\\/Vermay_Logo_rgb.svg\",\"width\":232,\"height\":80,\"caption\":\"VERMAY GmbH\"},\"image\":{\"@id\":\"https:\\\/\\\/vermay.de\\\/#\\\/schema\\\/logo\\\/image\\\/\"}}]}<\/script>\n<!-- \/ Yoast SEO plugin. -->","yoast_head_json":{"title":"NFL-B-2 - VERMAY GmbH","robots":{"index":"index","follow":"follow","max-snippet":"max-snippet:-1","max-image-preview":"max-image-preview:large","max-video-preview":"max-video-preview:-1"},"canonical":"https:\/\/vermay.de\/hu\/termek\/nfl-b-2\/","og_locale":"hu_HU","og_type":"article","og_title":"NFL-B-2 - VERMAY GmbH","og_description":"Fu\u00dfteller mit Befestigungslasche  Mit einvulkanisiertem blauen Gummi  Die Spindel ist allseits 10\u00b0 neigbar   Belastungsbereich: 700 \u2013 2.500 kg.  &nbsp;","og_url":"https:\/\/vermay.de\/hu\/termek\/nfl-b-2\/","og_site_name":"VERMAY GmbH","article_modified_time":"2026-01-14T11:41:33+00:00","og_image":[{"width":1000,"height":1000,"url":"https:\/\/vermay.de\/wp-content\/uploads\/2025\/07\/nfl_b-2-Levelling-feet-in-hygienic-design-HLF-with-floor-lock-plate-and-fully-threaded-spindle.jpg","type":"image\/jpeg"}],"twitter_card":"summary_large_image","twitter_misc":{"Becs\u00fclt olvas\u00e1si id\u0151":"1 perc"},"schema":{"@context":"https:\/\/schema.org","@graph":[{"@type":"WebPage","@id":"https:\/\/vermay.de\/produkt\/nfl-b-2\/","url":"https:\/\/vermay.de\/produkt\/nfl-b-2\/","name":"NFL-B-2 - VERMAY GmbH","isPartOf":{"@id":"https:\/\/vermay.de\/#website"},"primaryImageOfPage":{"@id":"https:\/\/vermay.de\/produkt\/nfl-b-2\/#primaryimage"},"image":{"@id":"https:\/\/vermay.de\/produkt\/nfl-b-2\/#primaryimage"},"thumbnailUrl":"https:\/\/vermay.de\/wp-content\/uploads\/2025\/07\/nfl_b-2-Levelling-feet-in-hygienic-design-HLF-with-floor-lock-plate-and-fully-threaded-spindle.jpg","datePublished":"2025-06-12T07:24:37+00:00","dateModified":"2026-01-14T11:41:33+00:00","breadcrumb":{"@id":"https:\/\/vermay.de\/produkt\/nfl-b-2\/#breadcrumb"},"inLanguage":"hu","potentialAction":[{"@type":"ReadAction","target":["https:\/\/vermay.de\/produkt\/nfl-b-2\/"]}]},{"@type":"ImageObject","inLanguage":"hu","@id":"https:\/\/vermay.de\/produkt\/nfl-b-2\/#primaryimage","url":"https:\/\/vermay.de\/wp-content\/uploads\/2025\/07\/nfl_b-2-Levelling-feet-in-hygienic-design-HLF-with-floor-lock-plate-and-fully-threaded-spindle.jpg","contentUrl":"https:\/\/vermay.de\/wp-content\/uploads\/2025\/07\/nfl_b-2-Levelling-feet-in-hygienic-design-HLF-with-floor-lock-plate-and-fully-threaded-spindle.jpg","width":1000,"height":1000},{"@type":"BreadcrumbList","@id":"https:\/\/vermay.de\/produkt\/nfl-b-2\/#breadcrumb","itemListElement":[{"@type":"ListItem","position":1,"name":"Startseite","item":"https:\/\/vermay.de\/"},{"@type":"ListItem","position":2,"name":"Produktkonfigurator","item":"https:\/\/vermay.de\/produktkonfigurator\/"},{"@type":"ListItem","position":3,"name":"NFL-B-2"}]},{"@type":"WebSite","@id":"https:\/\/vermay.de\/#website","url":"https:\/\/vermay.de\/","name":"VERMAY GmbH","description":"a szinten","publisher":{"@id":"https:\/\/vermay.de\/#organization"},"potentialAction":[{"@type":"SearchAction","target":{"@type":"EntryPoint","urlTemplate":"https:\/\/vermay.de\/?s={search_term_string}"},"query-input":{"@type":"PropertyValueSpecification","valueRequired":true,"valueName":"search_term_string"}}],"inLanguage":"hu"},{"@type":"Organization","@id":"https:\/\/vermay.de\/#organization","name":"VERMAY GmbH","url":"https:\/\/vermay.de\/","logo":{"@type":"ImageObject","inLanguage":"hu","@id":"https:\/\/vermay.de\/#\/schema\/logo\/image\/","url":"https:\/\/vermay.de\/wp-content\/uploads\/2021\/05\/Vermay_Logo_rgb.svg","contentUrl":"https:\/\/vermay.de\/wp-content\/uploads\/2021\/05\/Vermay_Logo_rgb.svg","width":232,"height":80,"caption":"VERMAY GmbH"},"image":{"@id":"https:\/\/vermay.de\/#\/schema\/logo\/image\/"}}]}},"_links":{"self":[{"href":"https:\/\/vermay.de\/hu\/wp-json\/wp\/v2\/product\/30598","targetHints":{"allow":["GET"]}}],"collection":[{"href":"https:\/\/vermay.de\/hu\/wp-json\/wp\/v2\/product"}],"about":[{"href":"https:\/\/vermay.de\/hu\/wp-json\/wp\/v2\/types\/product"}],"version-history":[{"count":6,"href":"https:\/\/vermay.de\/hu\/wp-json\/wp\/v2\/product\/30598\/revisions"}],"predecessor-version":[{"id":31296,"href":"https:\/\/vermay.de\/hu\/wp-json\/wp\/v2\/product\/30598\/revisions\/31296"}],"wp:featuredmedia":[{"embeddable":true,"href":"https:\/\/vermay.de\/hu\/wp-json\/wp\/v2\/media\/31028"}],"wp:attachment":[{"href":"https:\/\/vermay.de\/hu\/wp-json\/wp\/v2\/media?parent=30598"}],"wp:term":[{"taxonomy":"product_brand","embeddable":true,"href":"https:\/\/vermay.de\/hu\/wp-json\/wp\/v2\/product_brand?post=30598"},{"taxonomy":"product_cat","embeddable":true,"href":"https:\/\/vermay.de\/hu\/wp-json\/wp\/v2\/product_cat?post=30598"},{"taxonomy":"product_tag","embeddable":true,"href":"https:\/\/vermay.de\/hu\/wp-json\/wp\/v2\/product_tag?post=30598"}],"curies":[{"name":"wp","href":"https:\/\/api.w.org\/{rel}","templated":true}]}}