{"id":2868,"date":"2021-07-21T12:41:58","date_gmt":"2021-07-21T12:41:58","guid":{"rendered":"http:\/\/vermay.geb-staging.de\/?post_type=product&#038;p=2868"},"modified":"2025-08-14T06:22:38","modified_gmt":"2025-08-14T06:22:38","slug":"talapzat-esh50","status":"publish","type":"product","link":"https:\/\/vermay.de\/hu\/termek\/talapzat-esh50\/","title":{"rendered":"ESH50"},"content":{"rendered":"<p>A sarok\u00e1llv\u00e1ny horganyzott ac\u00e9lb\u00f3l k\u00e9sz\u00fclt.<\/p>","protected":false},"excerpt":{"rendered":"<ul>\n<li>Sarok\u00e1llv\u00e1ny-be\u00e1ll\u00edt\u00f3 \u00e1ll\u00edt\u00f3 az M10-es \u00e1ll\u00edthat\u00f3 l\u00e1b r\u00f6gz\u00edt\u00e9s\u00e9hez<\/li>\n<li>ac\u00e9lb\u00f3l k\u00e9sz\u00fclt, horganyzott<\/li>\n<\/ul>","protected":false},"featured_media":19445,"template":"","meta":{"_acf_changed":false},"product_brand":[],"product_cat":[45],"product_tag":[530],"class_list":{"0":"post-2868","1":"product","2":"type-product","3":"status-publish","4":"has-post-thumbnail","6":"product_cat-sockelhochsteller","7":"product_tag-moebel-betriebs-und-inneneinrichtungen","9":"first","10":"instock","11":"taxable","12":"shipping-taxable","13":"purchasable","14":"product-type-variable","15":"has-default-attributes"},"acf":[],"yoast_head":"<!-- This site is optimized with the Yoast SEO plugin v27.6 - https:\/\/yoast.com\/product\/yoast-seo-wordpress\/ -->\n<title>ESH50 - VERMAY GmbH<\/title>\n<meta name=\"description\" content=\"Der ESH50 ist aus verzinktem Stahl. Es gibt Stell-, Gleit- &amp; Ger\u00e4tef\u00fc\u00dfe oder Maschinen- &amp; Nivellierf\u00fc\u00dfe.\" \/>\n<meta name=\"robots\" content=\"index, follow, max-snippet:-1, max-image-preview:large, max-video-preview:-1\" \/>\n<link rel=\"canonical\" href=\"https:\/\/vermay.de\/hu\/termek\/talapzat-esh50\/\" \/>\n<meta property=\"og:locale\" content=\"hu_HU\" \/>\n<meta property=\"og:type\" content=\"article\" \/>\n<meta property=\"og:title\" content=\"ESH50 - VERMAY GmbH\" \/>\n<meta property=\"og:description\" content=\"Der ESH50 ist aus verzinktem Stahl. Es gibt Stell-, Gleit- &amp; Ger\u00e4tef\u00fc\u00dfe oder Maschinen- &amp; Nivellierf\u00fc\u00dfe.\" \/>\n<meta property=\"og:url\" content=\"https:\/\/vermay.de\/hu\/termek\/talapzat-esh50\/\" \/>\n<meta property=\"og:site_name\" content=\"VERMAY GmbH\" \/>\n<meta property=\"article:modified_time\" content=\"2025-08-14T06:22:38+00:00\" \/>\n<meta property=\"og:image\" content=\"https:\/\/vermay.de\/wp-content\/uploads\/2021\/07\/Sockelhochsteller_ESH50_Vermay_01.jpeg\" \/>\n\t<meta property=\"og:image:width\" content=\"400\" \/>\n\t<meta property=\"og:image:height\" content=\"400\" \/>\n\t<meta property=\"og:image:type\" content=\"image\/jpeg\" \/>\n<meta name=\"twitter:card\" content=\"summary_large_image\" \/>\n<meta name=\"twitter:label1\" content=\"Becs\u00fclt olvas\u00e1si id\u0151\" \/>\n\t<meta name=\"twitter:data1\" content=\"1 perc\" \/>\n<script type=\"application\/ld+json\" class=\"yoast-schema-graph\">{\"@context\":\"https:\\\/\\\/schema.org\",\"@graph\":[{\"@type\":\"WebPage\",\"@id\":\"https:\\\/\\\/vermay.de\\\/produkt\\\/sockelhochsteller-esh50\\\/\",\"url\":\"https:\\\/\\\/vermay.de\\\/produkt\\\/sockelhochsteller-esh50\\\/\",\"name\":\"ESH50 - VERMAY GmbH\",\"isPartOf\":{\"@id\":\"https:\\\/\\\/vermay.de\\\/#website\"},\"primaryImageOfPage\":{\"@id\":\"https:\\\/\\\/vermay.de\\\/produkt\\\/sockelhochsteller-esh50\\\/#primaryimage\"},\"image\":{\"@id\":\"https:\\\/\\\/vermay.de\\\/produkt\\\/sockelhochsteller-esh50\\\/#primaryimage\"},\"thumbnailUrl\":\"https:\\\/\\\/vermay.de\\\/wp-content\\\/uploads\\\/2021\\\/07\\\/Sockelhochsteller_ESH50_Vermay_01.jpeg\",\"datePublished\":\"2021-07-21T12:41:58+00:00\",\"dateModified\":\"2025-08-14T06:22:38+00:00\",\"description\":\"Der ESH50 ist aus verzinktem Stahl. Es gibt Stell-, Gleit- & Ger\u00e4tef\u00fc\u00dfe oder Maschinen- & Nivellierf\u00fc\u00dfe.\",\"breadcrumb\":{\"@id\":\"https:\\\/\\\/vermay.de\\\/produkt\\\/sockelhochsteller-esh50\\\/#breadcrumb\"},\"inLanguage\":\"hu\",\"potentialAction\":[{\"@type\":\"ReadAction\",\"target\":[\"https:\\\/\\\/vermay.de\\\/produkt\\\/sockelhochsteller-esh50\\\/\"]}]},{\"@type\":\"ImageObject\",\"inLanguage\":\"hu\",\"@id\":\"https:\\\/\\\/vermay.de\\\/produkt\\\/sockelhochsteller-esh50\\\/#primaryimage\",\"url\":\"https:\\\/\\\/vermay.de\\\/wp-content\\\/uploads\\\/2021\\\/07\\\/Sockelhochsteller_ESH50_Vermay_01.jpeg\",\"contentUrl\":\"https:\\\/\\\/vermay.de\\\/wp-content\\\/uploads\\\/2021\\\/07\\\/Sockelhochsteller_ESH50_Vermay_01.jpeg\",\"width\":400,\"height\":400,\"caption\":\"ESH50 Vermay stehend\"},{\"@type\":\"BreadcrumbList\",\"@id\":\"https:\\\/\\\/vermay.de\\\/produkt\\\/sockelhochsteller-esh50\\\/#breadcrumb\",\"itemListElement\":[{\"@type\":\"ListItem\",\"position\":1,\"name\":\"Startseite\",\"item\":\"https:\\\/\\\/vermay.de\\\/\"},{\"@type\":\"ListItem\",\"position\":2,\"name\":\"Produktkonfigurator\",\"item\":\"https:\\\/\\\/vermay.de\\\/produktkonfigurator\\\/\"},{\"@type\":\"ListItem\",\"position\":3,\"name\":\"ESH50\"}]},{\"@type\":\"WebSite\",\"@id\":\"https:\\\/\\\/vermay.de\\\/#website\",\"url\":\"https:\\\/\\\/vermay.de\\\/\",\"name\":\"VERMAY GmbH\",\"description\":\"on the level\",\"publisher\":{\"@id\":\"https:\\\/\\\/vermay.de\\\/#organization\"},\"potentialAction\":[{\"@type\":\"SearchAction\",\"target\":{\"@type\":\"EntryPoint\",\"urlTemplate\":\"https:\\\/\\\/vermay.de\\\/?s={search_term_string}\"},\"query-input\":{\"@type\":\"PropertyValueSpecification\",\"valueRequired\":true,\"valueName\":\"search_term_string\"}}],\"inLanguage\":\"hu\"},{\"@type\":\"Organization\",\"@id\":\"https:\\\/\\\/vermay.de\\\/#organization\",\"name\":\"VERMAY GmbH\",\"url\":\"https:\\\/\\\/vermay.de\\\/\",\"logo\":{\"@type\":\"ImageObject\",\"inLanguage\":\"hu\",\"@id\":\"https:\\\/\\\/vermay.de\\\/#\\\/schema\\\/logo\\\/image\\\/\",\"url\":\"https:\\\/\\\/vermay.de\\\/wp-content\\\/uploads\\\/2021\\\/05\\\/Vermay_Logo_rgb.svg\",\"contentUrl\":\"https:\\\/\\\/vermay.de\\\/wp-content\\\/uploads\\\/2021\\\/05\\\/Vermay_Logo_rgb.svg\",\"width\":232,\"height\":80,\"caption\":\"VERMAY GmbH\"},\"image\":{\"@id\":\"https:\\\/\\\/vermay.de\\\/#\\\/schema\\\/logo\\\/image\\\/\"}}]}<\/script>\n<!-- \/ Yoast SEO plugin. -->","yoast_head_json":{"title":"ESH50 - VERMAY GmbH","description":"Az ESH50 horganyzott ac\u00e9lb\u00f3l k\u00e9sz\u00fcl. \u00c1ll\u00edthat\u00f3, cs\u00fasz\u00f3- \u00e9s felszerel\u00e9si l\u00e1bakkal vagy g\u00e9p- \u00e9s szintez\u0151l\u00e1bakkal rendelkezik.","robots":{"index":"index","follow":"follow","max-snippet":"max-snippet:-1","max-image-preview":"max-image-preview:large","max-video-preview":"max-video-preview:-1"},"canonical":"https:\/\/vermay.de\/hu\/termek\/talapzat-esh50\/","og_locale":"hu_HU","og_type":"article","og_title":"ESH50 - VERMAY GmbH","og_description":"Der ESH50 ist aus verzinktem Stahl. Es gibt Stell-, Gleit- & Ger\u00e4tef\u00fc\u00dfe oder Maschinen- & Nivellierf\u00fc\u00dfe.","og_url":"https:\/\/vermay.de\/hu\/termek\/talapzat-esh50\/","og_site_name":"VERMAY GmbH","article_modified_time":"2025-08-14T06:22:38+00:00","og_image":[{"width":400,"height":400,"url":"https:\/\/vermay.de\/wp-content\/uploads\/2021\/07\/Sockelhochsteller_ESH50_Vermay_01.jpeg","type":"image\/jpeg"}],"twitter_card":"summary_large_image","twitter_misc":{"Becs\u00fclt olvas\u00e1si id\u0151":"1 perc"},"schema":{"@context":"https:\/\/schema.org","@graph":[{"@type":"WebPage","@id":"https:\/\/vermay.de\/produkt\/sockelhochsteller-esh50\/","url":"https:\/\/vermay.de\/produkt\/sockelhochsteller-esh50\/","name":"ESH50 - VERMAY GmbH","isPartOf":{"@id":"https:\/\/vermay.de\/#website"},"primaryImageOfPage":{"@id":"https:\/\/vermay.de\/produkt\/sockelhochsteller-esh50\/#primaryimage"},"image":{"@id":"https:\/\/vermay.de\/produkt\/sockelhochsteller-esh50\/#primaryimage"},"thumbnailUrl":"https:\/\/vermay.de\/wp-content\/uploads\/2021\/07\/Sockelhochsteller_ESH50_Vermay_01.jpeg","datePublished":"2021-07-21T12:41:58+00:00","dateModified":"2025-08-14T06:22:38+00:00","description":"Az ESH50 horganyzott ac\u00e9lb\u00f3l k\u00e9sz\u00fcl. \u00c1ll\u00edthat\u00f3, cs\u00fasz\u00f3- \u00e9s felszerel\u00e9si l\u00e1bakkal vagy g\u00e9p- \u00e9s szintez\u0151l\u00e1bakkal rendelkezik.","breadcrumb":{"@id":"https:\/\/vermay.de\/produkt\/sockelhochsteller-esh50\/#breadcrumb"},"inLanguage":"hu","potentialAction":[{"@type":"ReadAction","target":["https:\/\/vermay.de\/produkt\/sockelhochsteller-esh50\/"]}]},{"@type":"ImageObject","inLanguage":"hu","@id":"https:\/\/vermay.de\/produkt\/sockelhochsteller-esh50\/#primaryimage","url":"https:\/\/vermay.de\/wp-content\/uploads\/2021\/07\/Sockelhochsteller_ESH50_Vermay_01.jpeg","contentUrl":"https:\/\/vermay.de\/wp-content\/uploads\/2021\/07\/Sockelhochsteller_ESH50_Vermay_01.jpeg","width":400,"height":400,"caption":"ESH50 Vermay stehend"},{"@type":"BreadcrumbList","@id":"https:\/\/vermay.de\/produkt\/sockelhochsteller-esh50\/#breadcrumb","itemListElement":[{"@type":"ListItem","position":1,"name":"Startseite","item":"https:\/\/vermay.de\/"},{"@type":"ListItem","position":2,"name":"Produktkonfigurator","item":"https:\/\/vermay.de\/produktkonfigurator\/"},{"@type":"ListItem","position":3,"name":"ESH50"}]},{"@type":"WebSite","@id":"https:\/\/vermay.de\/#website","url":"https:\/\/vermay.de\/","name":"VERMAY GmbH","description":"a szinten","publisher":{"@id":"https:\/\/vermay.de\/#organization"},"potentialAction":[{"@type":"SearchAction","target":{"@type":"EntryPoint","urlTemplate":"https:\/\/vermay.de\/?s={search_term_string}"},"query-input":{"@type":"PropertyValueSpecification","valueRequired":true,"valueName":"search_term_string"}}],"inLanguage":"hu"},{"@type":"Organization","@id":"https:\/\/vermay.de\/#organization","name":"VERMAY GmbH","url":"https:\/\/vermay.de\/","logo":{"@type":"ImageObject","inLanguage":"hu","@id":"https:\/\/vermay.de\/#\/schema\/logo\/image\/","url":"https:\/\/vermay.de\/wp-content\/uploads\/2021\/05\/Vermay_Logo_rgb.svg","contentUrl":"https:\/\/vermay.de\/wp-content\/uploads\/2021\/05\/Vermay_Logo_rgb.svg","width":232,"height":80,"caption":"VERMAY GmbH"},"image":{"@id":"https:\/\/vermay.de\/#\/schema\/logo\/image\/"}}]}},"_links":{"self":[{"href":"https:\/\/vermay.de\/hu\/wp-json\/wp\/v2\/product\/2868","targetHints":{"allow":["GET"]}}],"collection":[{"href":"https:\/\/vermay.de\/hu\/wp-json\/wp\/v2\/product"}],"about":[{"href":"https:\/\/vermay.de\/hu\/wp-json\/wp\/v2\/types\/product"}],"version-history":[{"count":8,"href":"https:\/\/vermay.de\/hu\/wp-json\/wp\/v2\/product\/2868\/revisions"}],"predecessor-version":[{"id":31265,"href":"https:\/\/vermay.de\/hu\/wp-json\/wp\/v2\/product\/2868\/revisions\/31265"}],"wp:featuredmedia":[{"embeddable":true,"href":"https:\/\/vermay.de\/hu\/wp-json\/wp\/v2\/media\/19445"}],"wp:attachment":[{"href":"https:\/\/vermay.de\/hu\/wp-json\/wp\/v2\/media?parent=2868"}],"wp:term":[{"taxonomy":"product_brand","embeddable":true,"href":"https:\/\/vermay.de\/hu\/wp-json\/wp\/v2\/product_brand?post=2868"},{"taxonomy":"product_cat","embeddable":true,"href":"https:\/\/vermay.de\/hu\/wp-json\/wp\/v2\/product_cat?post=2868"},{"taxonomy":"product_tag","embeddable":true,"href":"https:\/\/vermay.de\/hu\/wp-json\/wp\/v2\/product_tag?post=2868"}],"curies":[{"name":"wp","href":"https:\/\/api.w.org\/{rel}","templated":true}]}}