{"id":3119,"date":"2021-07-22T11:31:15","date_gmt":"2021-07-22T11:31:15","guid":{"rendered":"http:\/\/vermay.geb-staging.de\/?page_id=3119"},"modified":"2025-11-04T14:14:37","modified_gmt":"2025-11-04T14:14:37","slug":"impresszum","status":"publish","type":"page","link":"https:\/\/vermay.de\/hu\/impresszum\/","title":{"rendered":"Impresszum"},"content":{"rendered":"<div data-elementor-type=\"wp-page\" data-elementor-id=\"3119\" class=\"elementor elementor-3119\" data-elementor-post-type=\"page\">\n\t\t\t\t\t\t<section class=\"elementor-section elementor-top-section elementor-element elementor-element-ac30fb0 elementor-section-height-min-height elementor-section-boxed elementor-section-height-default elementor-section-items-middle\" data-id=\"ac30fb0\" data-element_type=\"section\" data-e-type=\"section\" data-settings=\"{&quot;background_background&quot;:&quot;classic&quot;}\">\n\t\t\t\t\t\t\t<div class=\"elementor-background-overlay\"><\/div>\n\t\t\t\t\t\t\t<div class=\"elementor-container elementor-column-gap-default\">\n\t\t\t\t\t<div class=\"elementor-column elementor-col-100 elementor-top-column elementor-element elementor-element-138c257\" data-id=\"138c257\" data-element_type=\"column\" data-e-type=\"column\">\n\t\t\t<div class=\"elementor-widget-wrap elementor-element-populated\">\n\t\t\t\t\t\t\t<\/div>\n\t\t<\/div>\n\t\t\t\t\t<\/div>\n\t\t<\/section>\n\t\t\t\t<section class=\"elementor-section elementor-top-section elementor-element elementor-element-eb44ec4 elementor-section-boxed elementor-section-height-default elementor-section-height-default\" data-id=\"eb44ec4\" data-element_type=\"section\" data-e-type=\"section\">\n\t\t\t\t\t\t<div class=\"elementor-container elementor-column-gap-default\">\n\t\t\t\t\t<div class=\"elementor-column elementor-col-100 elementor-top-column elementor-element elementor-element-66475fa\" data-id=\"66475fa\" data-element_type=\"column\" data-e-type=\"column\">\n\t\t\t<div class=\"elementor-widget-wrap elementor-element-populated\">\n\t\t\t\t\t\t<div class=\"elementor-element elementor-element-3d4b93b elementor-widget elementor-widget-spacer\" data-id=\"3d4b93b\" data-element_type=\"widget\" data-e-type=\"widget\" data-widget_type=\"spacer.default\">\n\t\t\t\t<div class=\"elementor-widget-container\">\n\t\t\t\t\t\t\t<div class=\"elementor-spacer\">\n\t\t\t<div class=\"elementor-spacer-inner\"><\/div>\n\t\t<\/div>\n\t\t\t\t\t\t<\/div>\n\t\t\t\t<\/div>\n\t\t\t\t<div class=\"elementor-element elementor-element-0f98990 elementor-widget elementor-widget-text-editor\" data-id=\"0f98990\" data-element_type=\"widget\" data-e-type=\"widget\" data-widget_type=\"text-editor.default\">\n\t\t\t\t<div class=\"elementor-widget-container\">\n\t\t\t\t\t\t\t\t\t<p>\n<script src=\"https:\/\/api.dga-post.de\/jquery\/1.9.1\/jquery.min.js\"><\/script>\n<script>\nvar jQuery_impressum = $.noConflict(true);\n<\/script>\n\n\n<style>\n#Impressumconnect{\n\twidth:100%;\n\toverflow:hidden;\n\tbox-sizing:border-box;\n}\n\n\n.headline{\n\twidth:100%;\n\tdisplay: block;\n\tfont-size: 1.1em;\n\ttext-align:center;\n\tbox-sizing:border-box;\n\tpadding: 0 15px;\n\n\t\n}\n\n.impspalten2{\n\twidth:50%;\n\tfloat:left;\n\tmargin: 15px 0 0 0;\n\tpadding: 0 15px;\n\tbox-sizing:border-box;\n}\n\n.impspalten{\n\twidth:100%;\n    clear:both;\n\tdisplay:block;\n\tbox-sizing:border-box;\n\tpadding: 0 15px;\n}\n\n.mrr{\n\twidth: 170px;\n}\n\n.franz, .protectra{\n\twidth: 200px;\n}\n\n@media (max-width: 480px) {\t\n\t\n\t.hide480{\n\t\tdisplay:none;\n\t}\t\n\t\n}\n\n\n\n<\/style>\n\n\n<div id=\"Impressumconnect\">\n\n\n<span class=\"headline\"><b>A digit\u00e1lis szolg\u00e1ltat\u00e1sokr\u00f3l sz\u00f3l\u00f3 t\u00f6rv\u00e9ny szerinti t\u00e1j\u00e9koztat\u00e1s<\/b><\/span>\n<br \/><br \/>\n\n<div class=\"impspalten2 respoimp\">\n<b>C\u00edm:<\/b><br \/>\nVERMAY GmbH<br \/>\n\r\n<br \/>\nZeppelinstra\u00dfe 8<br \/>\n50259\nPulheim<br \/>\n<br \/><b>\u00dcgyvezet\u0151 igazgat\u00f3:<\/b> Pirmin Lemmer, Martin M\u00fccher<br \/><br \/><br \/>\n<b>Telefon:<\/b> +492234 \u2013 379449-0<br \/><b>Fax:<\/b> +492234 \u2013 379449-30<br \/><b>e-mail:<\/b>  <a href=\"mailto:info@vermay.de\">info@vermay.de<\/a><br \/><br \/><b>Kereskedelmi nyilv\u00e1ntart\u00e1s:<\/b> K\u00f6ln Helyi B\u00edr\u00f3s\u00e1g\r\n<br \/><br \/><b>Kereskedelmi nyilv\u00e1ntart\u00e1si sz\u00e1m:<\/b> HRB 112695<br><br>\r\n\r\n<b>A v\u00e1llalat sz\u00e9khelye:<\/b> Lindlar<br \/><br \/><b>Ad\u00f3sz\u00e1m:<\/b> 5221\/5749\/3917<br \/><br \/><b>H\u00c9A-sz\u00e1m:<\/b> DE355664153<br \/><br \/>\n\n\n<br \/>\n\n<\/div>\n\n\n<div class=\"impspalten2 respoimp\"> \n\n\n<\/div>\n\n<div class=\"clear\"><\/div>\n<div class=\"impspalten\"> \n<b>Felel\u0151s f\u00e9l az MStV 18. \u00a7 (2) bekezd\u00e9se \u00e9rtelm\u00e9ben:<\/b><br \/>Pirmin Lemmer, Martin M\u00fccher, c\/o VERMAY GmbH, Zeppelinstra\u00dfe 8, 50259 Pulheim<br><br>\n\n\n<b>A fogyaszt\u00f3i jogvit\u00e1k rendez\u00e9s\u00e9r\u0151l sz\u00f3l\u00f3 t\u00f6rv\u00e9ny (VSBG) szerinti t\u00e1j\u00e9koztat\u00e1s:<\/b><br \/>\nNem vagyunk hajland\u00f3ak \u00e9s nem is k\u00f6telesek r\u00e9szt venni a fogyaszt\u00f3i vitarendez\u00e9sr\u0151l sz\u00f3l\u00f3 t\u00f6rv\u00e9ny \u00e9rtelm\u00e9ben vett fogyaszt\u00f3i b\u00e9k\u00e9ltet\u0151 test\u00fclet el\u0151tti vitarendez\u00e9si elj\u00e1r\u00e1sban. <br \/>\n\nE-mail c\u00edm\u00fcnk a k\u00f6vetkez\u0151: <a href=\"mailto:info@vermay.de\">info@vermay.de<\/a><br \/>\n<br \/>\n\n\n<\/div>\n<div class=\"impspalten2 respoimp erstellung\"> \n\n<b>A honlap t\u00e1mogat\u00e1sa:<\/b><br>\n<strong>MRR - Megold\u00e1sok webre, nyomtat\u00e1sra \u00e9s mobilra<\/strong>\n<br>\n<b>C\u00e9gek \u00e9s v\u00e1llalkoz\u00e1sok honlapjai<\/b>\n<br><br>\n<a href=\"http:\/\/www.mrr-web.de\" target=\"_blank\">\n<img decoding=\"async\" class=\"mrr\" src=\"https:\/\/v01.connect.dga-post.de\/bilder\/mrr.svg\" alt=\"Marketing Rhein-Ruhr oHG\">\n<\/a>\n<br>\n\n<br>\n<br>\nMarketing Rhein-Ruhr oHG\n<br>\nEgonstra\u00dfe 6 \u00b7 45896 Gelsenkirchen\n<br>\n<a href=\"mailto:info@mrr-web.de\">info@mrr-web.de<\/a>\n<br>\n<a href=\"http:\/\/www.mrr-web.de\" target=\"_blank\">www.mrr-web.de<\/a>\n<br>\n\n<br><br>\n<\/div>\n<div class=\"impspalten2 respoimp\"> \n\n\n<b>Impresszum \u00e1ltal biztos\u00edtott:<\/b><br><br>\n<a href=\"https:\/\/www.franz.de\/\" target=\"_blank\">\n<img decoding=\"async\" class=\"franz\" src=\"https:\/\/v01.connect.dga-post.de\/bilder\/franz.png\" alt=\"franz.de\">\n<\/a>\n<br>\nM\u00e9dia, IT \u00e9s rekl\u00e1m jogi iroda\n<br>\n<br><div class=\"kedapro\"><b>K\u00fcls\u0151 adatv\u00e9delmi tisztvisel\u0151t keres?<br>\n\tSzak\u00e9rt\u0151nk \u00e9s partner\u00fcnk:<\/b><br><br>\n<a  href=\"https:\/\/www.protectra.de\/\" target=\"_blank\">\n<img decoding=\"async\" class=\"protectra\" src=\"https:\/\/v01.connect.dga-post.de\/bilder\/protectra-gmbh.png\" alt=\"Protectra GmbH, az \u00d6n adatv\u00e9delmi tisztvisel\u0151je D\u00fcsseldorfban\">\n<\/a>\n<br>\n<br><\/div><\/div>\n\n\n<\/div>\n \n \n <script>\n \n jQuery_impressum( document ).ready(function() {\n\t \n\t if(jQuery_impressum( \"#Impressumconnect\" ).width() < 700){\n\t\t\tjQuery_impressum(\".respoimp\").each(function() {\n\t\t\t\tjQuery_impressum(this).removeClass('impspalten2');\n\t\t\t\tjQuery_impressum(this).addClass('impspalten');\n\t\t\t});\n\t\t\t\n\t\t}else{\n\t\t\tjQuery_impressum(\".respoimp\").each(function() {\n\t\t\t\tjQuery_impressum(this).removeClass('impspalten');\n\t\t\t\tjQuery_impressum(this).addClass('impspalten2');\n\t\t\t});\n\t\t\t\n\t\t}\n\t \n\t \nvar rtime;\nvar timeout = false;\nvar delta = 200;\n$(window).resize(function() {\n    rtime = new Date();\n    if (timeout === false) {\n        timeout = true;\n        setTimeout(resizeend, delta);\n    }\n});\n\nfunction resizeend() {\n    if (new Date() - rtime < delta) {\n        setTimeout(resizeend, delta);\n    } else {\n        timeout = false;\n\t\tif(jQuery_impressum( \"#Impressumconnect\" ).width() < 700){\n\t\t\tjQuery_impressum(\".respoimp\").each(function() {\n\t\t\t\tjQuery_impressum(this).removeClass('impspalten2');\n\t\t\t\tjQuery_impressum(this).addClass('impspalten');\n\t\t\t});\n\t\t\t\n\t\t}else{\n\t\t\tjQuery_impressum(\".respoimp\").each(function() {\n\t\t\t\tjQuery_impressum(this).removeClass('impspalten');\n\t\t\t\tjQuery_impressum(this).addClass('impspalten2');\n\t\t\t});\n\t\t}\n        \n    }               \n}\n\n\n\t \n });\n \n \n <\/script>\n\n\n\n<\/p><p><strong>Felel\u0151ss\u00e9g a tartalom\u00e9rt<\/strong><br \/>Szolg\u00e1ltat\u00f3k\u00e9nt a TMG (n\u00e9met telem\u00e9diat\u00f6rv\u00e9ny) 7. szakasz\u00e1nak (1) bekezd\u00e9se \u00e9s az \u00e1ltal\u00e1nos jogszab\u00e1lyok \u00e9rtelm\u00e9ben felel\u0151sek vagyunk az ezeken az oldalakon tal\u00e1lhat\u00f3 saj\u00e1t tartalmak\u00e9rt. A TMG 8-10. \u00a7-ai szerint azonban szolg\u00e1ltat\u00f3k\u00e9nt nem vagyunk k\u00f6telesek a tov\u00e1bb\u00edtott vagy t\u00e1rolt, harmadik f\u00e9lt\u0151l sz\u00e1rmaz\u00f3 inform\u00e1ci\u00f3kat ellen\u0151rizni, illetve a jogellenes tev\u00e9kenys\u00e9gre utal\u00f3 k\u00f6r\u00fclm\u00e9nyeket kivizsg\u00e1lni. Az \u00e1ltal\u00e1nos jogszab\u00e1lyok szerinti, az inform\u00e1ci\u00f3k elt\u00e1vol\u00edt\u00e1s\u00e1ra vagy letilt\u00e1s\u00e1ra vonatkoz\u00f3 k\u00f6telezetts\u00e9gek ett\u0151l f\u00fcggetlen\u00fcl fennmaradnak. Az ezzel kapcsolatos felel\u0151ss\u00e9gre von\u00e1s azonban csak a konkr\u00e9t jogs\u00e9rt\u00e9sr\u0151l val\u00f3 tudom\u00e1sszerz\u00e9st\u0151l kezdve lehets\u00e9ges. Amint tudom\u00e1st szerz\u00fcnk az ilyen jogs\u00e9rt\u00e9sekr\u0151l, azonnal elt\u00e1vol\u00edtjuk ezt a tartalmat.<\/p><p><strong>Felel\u0151ss\u00e9g a linkek\u00e9rt<\/strong><br \/>Weboldalunk k\u00fcls\u0151, harmadik felek weboldalaira mutat\u00f3 linkeket tartalmaz, amelyek tartalm\u00e1ra nincs befoly\u00e1sunk. Ez\u00e9rt nem tudunk felel\u0151ss\u00e9get v\u00e1llalni ezek\u00e9rt a harmadik f\u00e9lt\u0151l sz\u00e1rmaz\u00f3 tartalmak\u00e9rt. A hivatkozott oldalak tartalm\u00e1\u00e9rt mindig a mindenkori szolg\u00e1ltat\u00f3 vagy az oldalak \u00fczemeltet\u0151je felel\u0151s. A linkelt oldalakat a linkel\u00e9s id\u0151pontj\u00e1ban ellen\u0151rizt\u00fck az esetleges t\u00f6rv\u00e9nys\u00e9rt\u00e9sek szempontj\u00e1b\u00f3l. Jogellenes tartalmak a linkel\u00e9s id\u0151pontj\u00e1ban nem voltak felismerhet\u0151k.<\/p><p>A hivatkozott oldalak tartalm\u00e1nak \u00e1lland\u00f3 ellen\u0151rz\u00e9se azonban nem \u00e9sszer\u0171 a jogs\u00e9rt\u00e9s konkr\u00e9t bizony\u00edt\u00e9ka n\u00e9lk\u00fcl. Amennyiben jogszab\u00e1lys\u00e9rt\u00e9sr\u0151l szerez\u00fcnk tudom\u00e1st, azonnal elt\u00e1vol\u00edtjuk az ilyen linkeket.<\/p><p><strong>Szerz\u0151i jog<\/strong><br \/>Az oldal \u00fczemeltet\u0151i \u00e1ltal ezen oldalakon l\u00e9trehozott tartalmak \u00e9s m\u0171vek a n\u00e9met szerz\u0151i jog hat\u00e1lya al\u00e1 tartoznak. A sokszoros\u00edt\u00e1s, feldolgoz\u00e1s, terjeszt\u00e9s \u00e9s a szerz\u0151i jogi korl\u00e1tokon k\u00edv\u00fcli b\u00e1rmilyen felhaszn\u00e1l\u00e1s csak az adott szerz\u0151 vagy alkot\u00f3 \u00edr\u00e1sbeli hozz\u00e1j\u00e1rul\u00e1s\u00e1val lehets\u00e9ges. Az oldal let\u00f6lt\u00e9se \u00e9s m\u00e1sol\u00e1sa kiz\u00e1r\u00f3lag mag\u00e1njelleg\u0171, nem kereskedelmi c\u00e9l\u00fa felhaszn\u00e1l\u00e1sra enged\u00e9lyezett.<\/p><p>Amennyiben az ezen az oldalon tal\u00e1lhat\u00f3 tartalmakat nem az \u00fczemeltet\u0151 k\u00e9sz\u00edtette, a harmadik felek szerz\u0151i jogait tiszteletben tartjuk. K\u00fcl\u00f6n\u00f6sen a harmadik f\u00e9lt\u0151l sz\u00e1rmaz\u00f3 tartalmakat jel\u00f6lik meg. Amennyiben m\u00e9gis tudom\u00e1s\u00e1ra jutna, hogy a szerz\u0151i jogokat megs\u00e9rtett\u00e9k, k\u00e9rj\u00fck, t\u00e1j\u00e9koztasson minket err\u0151l. Amennyiben jogs\u00e9rt\u00e9sr\u0151l szerez\u00fcnk tudom\u00e1st, azonnal elt\u00e1vol\u00edtjuk az ilyen tartalmakat.<\/p><p>Forr\u00e1s:\u00a0<span class=\"s1\">eRecht24<\/span><\/p>\t\t\t\t\t\t\t\t<\/div>\n\t\t\t\t<\/div>\n\t\t\t\t\t<\/div>\n\t\t<\/div>\n\t\t\t\t\t<\/div>\n\t\t<\/section>\n\t\t\t\t<\/div>","protected":false},"excerpt":{"rendered":"<p>Haftung f\u00fcr InhalteAls Diensteanbieter sind wir gem\u00e4\u00df \u00a7 7 Abs.1 TMG f\u00fcr eigene Inhalte auf diesen Seiten nach den allgemeinen Gesetzen verantwortlich. Nach \u00a7\u00a7 8 bis 10 TMG sind wir als Diensteanbieter jedoch nicht verpflichtet, \u00fcbermittelte oder gespeicherte fremde Informationen zu \u00fcberwachen oder nach Umst\u00e4nden zu forschen, die auf eine rechtswidrige T\u00e4tigkeit hinweisen. Verpflichtungen zur [&hellip;]<\/p>\n","protected":false},"author":1,"featured_media":0,"parent":0,"menu_order":0,"comment_status":"closed","ping_status":"closed","template":"","meta":{"_acf_changed":false,"footnotes":""},"class_list":["post-3119","page","type-page","status-publish","hentry"],"acf":[],"yoast_head":"<!-- This site is optimized with the Yoast SEO plugin v27.6 - https:\/\/yoast.com\/product\/yoast-seo-wordpress\/ -->\n<title>Impressum - VERMAY GmbH<\/title>\n<meta name=\"description\" content=\"Impressum: Daten und Angaben zur Vermay GmbH &amp; Co. Kg. Ihr Experte f\u00fcr Stell- und Maschinenf\u00fc\u00dfe.\" \/>\n<meta name=\"robots\" content=\"index, follow, max-snippet:-1, max-image-preview:large, max-video-preview:-1\" \/>\n<link rel=\"canonical\" href=\"https:\/\/vermay.de\/hu\/impresszum\/\" \/>\n<meta property=\"og:locale\" content=\"hu_HU\" \/>\n<meta property=\"og:type\" content=\"article\" \/>\n<meta property=\"og:title\" content=\"Impressum - VERMAY GmbH\" \/>\n<meta property=\"og:description\" content=\"Impressum: Daten und Angaben zur Vermay GmbH &amp; Co. Kg. Ihr Experte f\u00fcr Stell- und Maschinenf\u00fc\u00dfe.\" \/>\n<meta property=\"og:url\" content=\"https:\/\/vermay.de\/hu\/impresszum\/\" \/>\n<meta property=\"og:site_name\" content=\"VERMAY GmbH\" \/>\n<meta property=\"article:modified_time\" content=\"2025-11-04T14:14:37+00:00\" \/>\n<meta name=\"twitter:card\" content=\"summary_large_image\" \/>\n<meta name=\"twitter:label1\" content=\"Becs\u00fclt olvas\u00e1si id\u0151\" \/>\n\t<meta name=\"twitter:data1\" content=\"3 perc\" \/>\n<script type=\"application\/ld+json\" class=\"yoast-schema-graph\">{\"@context\":\"https:\\\/\\\/schema.org\",\"@graph\":[{\"@type\":\"WebPage\",\"@id\":\"https:\\\/\\\/vermay.de\\\/impressum\\\/\",\"url\":\"https:\\\/\\\/vermay.de\\\/impressum\\\/\",\"name\":\"Impressum - VERMAY GmbH\",\"isPartOf\":{\"@id\":\"https:\\\/\\\/vermay.de\\\/#website\"},\"datePublished\":\"2021-07-22T11:31:15+00:00\",\"dateModified\":\"2025-11-04T14:14:37+00:00\",\"description\":\"Impressum: Daten und Angaben zur Vermay GmbH & Co. Kg. Ihr Experte f\u00fcr Stell- und Maschinenf\u00fc\u00dfe.\",\"breadcrumb\":{\"@id\":\"https:\\\/\\\/vermay.de\\\/impressum\\\/#breadcrumb\"},\"inLanguage\":\"hu\",\"potentialAction\":[{\"@type\":\"ReadAction\",\"target\":[\"https:\\\/\\\/vermay.de\\\/impressum\\\/\"]}]},{\"@type\":\"BreadcrumbList\",\"@id\":\"https:\\\/\\\/vermay.de\\\/impressum\\\/#breadcrumb\",\"itemListElement\":[{\"@type\":\"ListItem\",\"position\":1,\"name\":\"Startseite\",\"item\":\"https:\\\/\\\/vermay.de\\\/\"},{\"@type\":\"ListItem\",\"position\":2,\"name\":\"Impressum\"}]},{\"@type\":\"WebSite\",\"@id\":\"https:\\\/\\\/vermay.de\\\/#website\",\"url\":\"https:\\\/\\\/vermay.de\\\/\",\"name\":\"VERMAY GmbH\",\"description\":\"on the level\",\"publisher\":{\"@id\":\"https:\\\/\\\/vermay.de\\\/#organization\"},\"potentialAction\":[{\"@type\":\"SearchAction\",\"target\":{\"@type\":\"EntryPoint\",\"urlTemplate\":\"https:\\\/\\\/vermay.de\\\/?s={search_term_string}\"},\"query-input\":{\"@type\":\"PropertyValueSpecification\",\"valueRequired\":true,\"valueName\":\"search_term_string\"}}],\"inLanguage\":\"hu\"},{\"@type\":\"Organization\",\"@id\":\"https:\\\/\\\/vermay.de\\\/#organization\",\"name\":\"VERMAY GmbH\",\"url\":\"https:\\\/\\\/vermay.de\\\/\",\"logo\":{\"@type\":\"ImageObject\",\"inLanguage\":\"hu\",\"@id\":\"https:\\\/\\\/vermay.de\\\/#\\\/schema\\\/logo\\\/image\\\/\",\"url\":\"https:\\\/\\\/vermay.de\\\/wp-content\\\/uploads\\\/2021\\\/05\\\/Vermay_Logo_rgb.svg\",\"contentUrl\":\"https:\\\/\\\/vermay.de\\\/wp-content\\\/uploads\\\/2021\\\/05\\\/Vermay_Logo_rgb.svg\",\"width\":232,\"height\":80,\"caption\":\"VERMAY GmbH\"},\"image\":{\"@id\":\"https:\\\/\\\/vermay.de\\\/#\\\/schema\\\/logo\\\/image\\\/\"}}]}<\/script>\n<!-- \/ Yoast SEO plugin. -->","yoast_head_json":{"title":"Impresszum - VERMAY GmbH","description":"Impresszum: Vermay GmbH &amp; Co. Kg. Az \u00d6n szak\u00e9rt\u0151je a szintez\u0151- \u00e9s g\u00e9pl\u00e1bak ter\u00e9n.","robots":{"index":"index","follow":"follow","max-snippet":"max-snippet:-1","max-image-preview":"max-image-preview:large","max-video-preview":"max-video-preview:-1"},"canonical":"https:\/\/vermay.de\/hu\/impresszum\/","og_locale":"hu_HU","og_type":"article","og_title":"Impressum - VERMAY GmbH","og_description":"Impressum: Daten und Angaben zur Vermay GmbH & Co. Kg. Ihr Experte f\u00fcr Stell- und Maschinenf\u00fc\u00dfe.","og_url":"https:\/\/vermay.de\/hu\/impresszum\/","og_site_name":"VERMAY GmbH","article_modified_time":"2025-11-04T14:14:37+00:00","twitter_card":"summary_large_image","twitter_misc":{"Becs\u00fclt olvas\u00e1si id\u0151":"3 perc"},"schema":{"@context":"https:\/\/schema.org","@graph":[{"@type":"WebPage","@id":"https:\/\/vermay.de\/impressum\/","url":"https:\/\/vermay.de\/impressum\/","name":"Impresszum - VERMAY GmbH","isPartOf":{"@id":"https:\/\/vermay.de\/#website"},"datePublished":"2021-07-22T11:31:15+00:00","dateModified":"2025-11-04T14:14:37+00:00","description":"Impresszum: Vermay GmbH &amp; Co. Kg. Az \u00d6n szak\u00e9rt\u0151je a szintez\u0151- \u00e9s g\u00e9pl\u00e1bak ter\u00e9n.","breadcrumb":{"@id":"https:\/\/vermay.de\/impressum\/#breadcrumb"},"inLanguage":"hu","potentialAction":[{"@type":"ReadAction","target":["https:\/\/vermay.de\/impressum\/"]}]},{"@type":"BreadcrumbList","@id":"https:\/\/vermay.de\/impressum\/#breadcrumb","itemListElement":[{"@type":"ListItem","position":1,"name":"Startseite","item":"https:\/\/vermay.de\/"},{"@type":"ListItem","position":2,"name":"Impressum"}]},{"@type":"WebSite","@id":"https:\/\/vermay.de\/#website","url":"https:\/\/vermay.de\/","name":"VERMAY GmbH","description":"a szinten","publisher":{"@id":"https:\/\/vermay.de\/#organization"},"potentialAction":[{"@type":"SearchAction","target":{"@type":"EntryPoint","urlTemplate":"https:\/\/vermay.de\/?s={search_term_string}"},"query-input":{"@type":"PropertyValueSpecification","valueRequired":true,"valueName":"search_term_string"}}],"inLanguage":"hu"},{"@type":"Organization","@id":"https:\/\/vermay.de\/#organization","name":"VERMAY GmbH","url":"https:\/\/vermay.de\/","logo":{"@type":"ImageObject","inLanguage":"hu","@id":"https:\/\/vermay.de\/#\/schema\/logo\/image\/","url":"https:\/\/vermay.de\/wp-content\/uploads\/2021\/05\/Vermay_Logo_rgb.svg","contentUrl":"https:\/\/vermay.de\/wp-content\/uploads\/2021\/05\/Vermay_Logo_rgb.svg","width":232,"height":80,"caption":"VERMAY GmbH"},"image":{"@id":"https:\/\/vermay.de\/#\/schema\/logo\/image\/"}}]}},"_links":{"self":[{"href":"https:\/\/vermay.de\/hu\/wp-json\/wp\/v2\/pages\/3119","targetHints":{"allow":["GET"]}}],"collection":[{"href":"https:\/\/vermay.de\/hu\/wp-json\/wp\/v2\/pages"}],"about":[{"href":"https:\/\/vermay.de\/hu\/wp-json\/wp\/v2\/types\/page"}],"author":[{"embeddable":true,"href":"https:\/\/vermay.de\/hu\/wp-json\/wp\/v2\/users\/1"}],"replies":[{"embeddable":true,"href":"https:\/\/vermay.de\/hu\/wp-json\/wp\/v2\/comments?post=3119"}],"version-history":[{"count":58,"href":"https:\/\/vermay.de\/hu\/wp-json\/wp\/v2\/pages\/3119\/revisions"}],"predecessor-version":[{"id":31341,"href":"https:\/\/vermay.de\/hu\/wp-json\/wp\/v2\/pages\/3119\/revisions\/31341"}],"wp:attachment":[{"href":"https:\/\/vermay.de\/hu\/wp-json\/wp\/v2\/media?parent=3119"}],"curies":[{"name":"wp","href":"https:\/\/api.w.org\/{rel}","templated":true}]}}