{"id":7109,"date":"2021-07-22T14:57:49","date_gmt":"2021-07-22T14:57:49","guid":{"rendered":"http:\/\/vermay.geb-staging.de\/?post_type=product&#038;p=7109"},"modified":"2026-01-15T08:22:52","modified_gmt":"2026-01-15T08:22:52","slug":"articulated-foot-with-plastic-plate-gfk-ob","status":"publish","type":"product","link":"https:\/\/vermay.de\/en\/product-2\/articulated-foot-with-plastic-plate-gfk-ob\/","title":{"rendered":"GRP-OB"},"content":{"rendered":"<p>Thanks to the large angle of inclination, this foot is particularly suitable for levelling out large floor slopes and unevenness. A PU inlay protects the floor from possible scratches and has an anti-slip effect. The swivel base can be tilted by approx. 25\u00b0 on all sides.<\/p>","protected":false},"excerpt":{"rendered":"<ul>\n<li>ball-and-socket foot made of stainless steel or steel<\/li>\n<li>ball-and-socket plate 150 mm diameter made of PA6, black<\/li>\n<li>with or without selectable rubber insert<\/li>\n<li>rotatable and tiltable up to 20\u00b0<\/li>\n<li><img decoding=\"async\" class=\"icongewicht icongewicht1\" src=\"https:\/\/vermay.de\/\/wp-content\/uploads\/2024\/11\/gewicht-2.svg\" \/><br \/>\n<img decoding=\"async\" class=\"icongewicht icongewicht2\" src=\"https:\/\/vermay.de\/\/wp-content\/uploads\/2024\/11\/gewicht.svg\" \/>Load range<br \/>\nbis 800 kg.<\/li>\n<\/ul>","protected":false},"featured_media":19281,"template":"","meta":{"_acf_changed":false},"product_brand":[],"product_cat":[21],"product_tag":[539,526],"class_list":{"0":"post-7109","1":"product","2":"type-product","3":"status-publish","4":"has-post-thumbnail","6":"product_cat-gelenkfuesse","7":"product_tag-maschinen-anlagen-und-behaelterbau","8":"product_tag-sonderkonstruktionen","10":"first","11":"instock","12":"taxable","13":"shipping-taxable","14":"purchasable","15":"product-type-variable","16":"has-default-attributes"},"acf":[],"yoast_head":"<!-- This site is optimized with the Yoast SEO plugin v27.6 - https:\/\/yoast.com\/product\/yoast-seo-wordpress\/ -->\n<title>GFK-OB - Gelenkf\u00fc\u00dfe - VERMAY GmbH<\/title>\n<meta name=\"description\" content=\"Durch den gro\u00dfen Neigungswinkel eignet sich der GFK-OB besonders zum H\u00f6henausgleich von gro\u00dfen Bodenschr\u00e4gen. Eine PU-Einlage sch\u00fctzt den Boden.\" \/>\n<meta name=\"robots\" content=\"index, follow, max-snippet:-1, max-image-preview:large, max-video-preview:-1\" \/>\n<link rel=\"canonical\" href=\"https:\/\/vermay.de\/en\/product-2\/articulated-foot-with-plastic-plate-gfk-ob\/\" \/>\n<meta property=\"og:locale\" content=\"en_US\" \/>\n<meta property=\"og:type\" content=\"article\" \/>\n<meta property=\"og:title\" content=\"GFK-OB - Gelenkf\u00fc\u00dfe - VERMAY GmbH\" \/>\n<meta property=\"og:description\" content=\"Durch den gro\u00dfen Neigungswinkel eignet sich der GFK-OB besonders zum H\u00f6henausgleich von gro\u00dfen Bodenschr\u00e4gen. Eine PU-Einlage sch\u00fctzt den Boden.\" \/>\n<meta property=\"og:url\" content=\"https:\/\/vermay.de\/en\/product-2\/articulated-foot-with-plastic-plate-gfk-ob\/\" \/>\n<meta property=\"og:site_name\" content=\"VERMAY GmbH\" \/>\n<meta property=\"article:modified_time\" content=\"2026-01-15T08:22:52+00:00\" \/>\n<meta property=\"og:image\" content=\"https:\/\/vermay.de\/wp-content\/uploads\/2021\/07\/Gelenkfuss_GFK-OB_Vermay_01.jpeg\" \/>\n\t<meta property=\"og:image:width\" content=\"400\" \/>\n\t<meta property=\"og:image:height\" content=\"400\" \/>\n\t<meta property=\"og:image:type\" content=\"image\/jpeg\" \/>\n<meta name=\"twitter:card\" content=\"summary_large_image\" \/>\n<meta name=\"twitter:label1\" content=\"Est. reading time\" \/>\n\t<meta name=\"twitter:data1\" content=\"1 minute\" \/>\n<script type=\"application\/ld+json\" class=\"yoast-schema-graph\">{\"@context\":\"https:\\\/\\\/schema.org\",\"@graph\":[{\"@type\":\"WebPage\",\"@id\":\"https:\\\/\\\/vermay.de\\\/produkt\\\/gelenkfuss-mit-kunststoffteller-gfk-ob\\\/\",\"url\":\"https:\\\/\\\/vermay.de\\\/produkt\\\/gelenkfuss-mit-kunststoffteller-gfk-ob\\\/\",\"name\":\"GFK-OB - Gelenkf\u00fc\u00dfe - VERMAY GmbH\",\"isPartOf\":{\"@id\":\"https:\\\/\\\/vermay.de\\\/#website\"},\"primaryImageOfPage\":{\"@id\":\"https:\\\/\\\/vermay.de\\\/produkt\\\/gelenkfuss-mit-kunststoffteller-gfk-ob\\\/#primaryimage\"},\"image\":{\"@id\":\"https:\\\/\\\/vermay.de\\\/produkt\\\/gelenkfuss-mit-kunststoffteller-gfk-ob\\\/#primaryimage\"},\"thumbnailUrl\":\"https:\\\/\\\/vermay.de\\\/wp-content\\\/uploads\\\/2021\\\/07\\\/Gelenkfuss_GFK-OB_Vermay_01.jpeg\",\"datePublished\":\"2021-07-22T14:57:49+00:00\",\"dateModified\":\"2026-01-15T08:22:52+00:00\",\"description\":\"Durch den gro\u00dfen Neigungswinkel eignet sich der GFK-OB besonders zum H\u00f6henausgleich von gro\u00dfen Bodenschr\u00e4gen. Eine PU-Einlage sch\u00fctzt den Boden.\",\"breadcrumb\":{\"@id\":\"https:\\\/\\\/vermay.de\\\/produkt\\\/gelenkfuss-mit-kunststoffteller-gfk-ob\\\/#breadcrumb\"},\"inLanguage\":\"en-US\",\"potentialAction\":[{\"@type\":\"ReadAction\",\"target\":[\"https:\\\/\\\/vermay.de\\\/produkt\\\/gelenkfuss-mit-kunststoffteller-gfk-ob\\\/\"]}]},{\"@type\":\"ImageObject\",\"inLanguage\":\"en-US\",\"@id\":\"https:\\\/\\\/vermay.de\\\/produkt\\\/gelenkfuss-mit-kunststoffteller-gfk-ob\\\/#primaryimage\",\"url\":\"https:\\\/\\\/vermay.de\\\/wp-content\\\/uploads\\\/2021\\\/07\\\/Gelenkfuss_GFK-OB_Vermay_01.jpeg\",\"contentUrl\":\"https:\\\/\\\/vermay.de\\\/wp-content\\\/uploads\\\/2021\\\/07\\\/Gelenkfuss_GFK-OB_Vermay_01.jpeg\",\"width\":400,\"height\":400,\"caption\":\"GFK-OB Vermay stehend\"},{\"@type\":\"BreadcrumbList\",\"@id\":\"https:\\\/\\\/vermay.de\\\/produkt\\\/gelenkfuss-mit-kunststoffteller-gfk-ob\\\/#breadcrumb\",\"itemListElement\":[{\"@type\":\"ListItem\",\"position\":1,\"name\":\"Startseite\",\"item\":\"https:\\\/\\\/vermay.de\\\/\"},{\"@type\":\"ListItem\",\"position\":2,\"name\":\"Produktkonfigurator\",\"item\":\"https:\\\/\\\/vermay.de\\\/produktkonfigurator\\\/\"},{\"@type\":\"ListItem\",\"position\":3,\"name\":\"GFK-OB\"}]},{\"@type\":\"WebSite\",\"@id\":\"https:\\\/\\\/vermay.de\\\/#website\",\"url\":\"https:\\\/\\\/vermay.de\\\/\",\"name\":\"VERMAY GmbH\",\"description\":\"on the level\",\"publisher\":{\"@id\":\"https:\\\/\\\/vermay.de\\\/#organization\"},\"potentialAction\":[{\"@type\":\"SearchAction\",\"target\":{\"@type\":\"EntryPoint\",\"urlTemplate\":\"https:\\\/\\\/vermay.de\\\/?s={search_term_string}\"},\"query-input\":{\"@type\":\"PropertyValueSpecification\",\"valueRequired\":true,\"valueName\":\"search_term_string\"}}],\"inLanguage\":\"en-US\"},{\"@type\":\"Organization\",\"@id\":\"https:\\\/\\\/vermay.de\\\/#organization\",\"name\":\"VERMAY GmbH\",\"url\":\"https:\\\/\\\/vermay.de\\\/\",\"logo\":{\"@type\":\"ImageObject\",\"inLanguage\":\"en-US\",\"@id\":\"https:\\\/\\\/vermay.de\\\/#\\\/schema\\\/logo\\\/image\\\/\",\"url\":\"https:\\\/\\\/vermay.de\\\/wp-content\\\/uploads\\\/2021\\\/05\\\/Vermay_Logo_rgb.svg\",\"contentUrl\":\"https:\\\/\\\/vermay.de\\\/wp-content\\\/uploads\\\/2021\\\/05\\\/Vermay_Logo_rgb.svg\",\"width\":232,\"height\":80,\"caption\":\"VERMAY GmbH\"},\"image\":{\"@id\":\"https:\\\/\\\/vermay.de\\\/#\\\/schema\\\/logo\\\/image\\\/\"}}]}<\/script>\n<!-- \/ Yoast SEO plugin. -->","yoast_head_json":{"title":"GRP-OB - Articulated feet - VERMAY GmbH","description":"Thanks to the large angle of inclination, the GRP-OB is particularly suitable for leveling large sloping floors. A PU insert protects the floor.","robots":{"index":"index","follow":"follow","max-snippet":"max-snippet:-1","max-image-preview":"max-image-preview:large","max-video-preview":"max-video-preview:-1"},"canonical":"https:\/\/vermay.de\/en\/product-2\/articulated-foot-with-plastic-plate-gfk-ob\/","og_locale":"en_US","og_type":"article","og_title":"GFK-OB - Gelenkf\u00fc\u00dfe - VERMAY GmbH","og_description":"Durch den gro\u00dfen Neigungswinkel eignet sich der GFK-OB besonders zum H\u00f6henausgleich von gro\u00dfen Bodenschr\u00e4gen. Eine PU-Einlage sch\u00fctzt den Boden.","og_url":"https:\/\/vermay.de\/en\/product-2\/articulated-foot-with-plastic-plate-gfk-ob\/","og_site_name":"VERMAY GmbH","article_modified_time":"2026-01-15T08:22:52+00:00","og_image":[{"width":400,"height":400,"url":"https:\/\/vermay.de\/wp-content\/uploads\/2021\/07\/Gelenkfuss_GFK-OB_Vermay_01.jpeg","type":"image\/jpeg"}],"twitter_card":"summary_large_image","twitter_misc":{"Est. reading time":"1 minute"},"schema":{"@context":"https:\/\/schema.org","@graph":[{"@type":"WebPage","@id":"https:\/\/vermay.de\/produkt\/gelenkfuss-mit-kunststoffteller-gfk-ob\/","url":"https:\/\/vermay.de\/produkt\/gelenkfuss-mit-kunststoffteller-gfk-ob\/","name":"GRP-OB - Articulated feet - VERMAY GmbH","isPartOf":{"@id":"https:\/\/vermay.de\/#website"},"primaryImageOfPage":{"@id":"https:\/\/vermay.de\/produkt\/gelenkfuss-mit-kunststoffteller-gfk-ob\/#primaryimage"},"image":{"@id":"https:\/\/vermay.de\/produkt\/gelenkfuss-mit-kunststoffteller-gfk-ob\/#primaryimage"},"thumbnailUrl":"https:\/\/vermay.de\/wp-content\/uploads\/2021\/07\/Gelenkfuss_GFK-OB_Vermay_01.jpeg","datePublished":"2021-07-22T14:57:49+00:00","dateModified":"2026-01-15T08:22:52+00:00","description":"Thanks to the large angle of inclination, the GRP-OB is particularly suitable for leveling large sloping floors. A PU insert protects the floor.","breadcrumb":{"@id":"https:\/\/vermay.de\/produkt\/gelenkfuss-mit-kunststoffteller-gfk-ob\/#breadcrumb"},"inLanguage":"en-US","potentialAction":[{"@type":"ReadAction","target":["https:\/\/vermay.de\/produkt\/gelenkfuss-mit-kunststoffteller-gfk-ob\/"]}]},{"@type":"ImageObject","inLanguage":"en-US","@id":"https:\/\/vermay.de\/produkt\/gelenkfuss-mit-kunststoffteller-gfk-ob\/#primaryimage","url":"https:\/\/vermay.de\/wp-content\/uploads\/2021\/07\/Gelenkfuss_GFK-OB_Vermay_01.jpeg","contentUrl":"https:\/\/vermay.de\/wp-content\/uploads\/2021\/07\/Gelenkfuss_GFK-OB_Vermay_01.jpeg","width":400,"height":400,"caption":"GFK-OB Vermay stehend"},{"@type":"BreadcrumbList","@id":"https:\/\/vermay.de\/produkt\/gelenkfuss-mit-kunststoffteller-gfk-ob\/#breadcrumb","itemListElement":[{"@type":"ListItem","position":1,"name":"Startseite","item":"https:\/\/vermay.de\/"},{"@type":"ListItem","position":2,"name":"Produktkonfigurator","item":"https:\/\/vermay.de\/produktkonfigurator\/"},{"@type":"ListItem","position":3,"name":"GFK-OB"}]},{"@type":"WebSite","@id":"https:\/\/vermay.de\/#website","url":"https:\/\/vermay.de\/","name":"VERMAY GmbH","description":"on the level","publisher":{"@id":"https:\/\/vermay.de\/#organization"},"potentialAction":[{"@type":"SearchAction","target":{"@type":"EntryPoint","urlTemplate":"https:\/\/vermay.de\/?s={search_term_string}"},"query-input":{"@type":"PropertyValueSpecification","valueRequired":true,"valueName":"search_term_string"}}],"inLanguage":"en-US"},{"@type":"Organization","@id":"https:\/\/vermay.de\/#organization","name":"VERMAY GmbH","url":"https:\/\/vermay.de\/","logo":{"@type":"ImageObject","inLanguage":"en-US","@id":"https:\/\/vermay.de\/#\/schema\/logo\/image\/","url":"https:\/\/vermay.de\/wp-content\/uploads\/2021\/05\/Vermay_Logo_rgb.svg","contentUrl":"https:\/\/vermay.de\/wp-content\/uploads\/2021\/05\/Vermay_Logo_rgb.svg","width":232,"height":80,"caption":"VERMAY GmbH"},"image":{"@id":"https:\/\/vermay.de\/#\/schema\/logo\/image\/"}}]}},"_links":{"self":[{"href":"https:\/\/vermay.de\/en\/wp-json\/wp\/v2\/product\/7109","targetHints":{"allow":["GET"]}}],"collection":[{"href":"https:\/\/vermay.de\/en\/wp-json\/wp\/v2\/product"}],"about":[{"href":"https:\/\/vermay.de\/en\/wp-json\/wp\/v2\/types\/product"}],"version-history":[{"count":13,"href":"https:\/\/vermay.de\/en\/wp-json\/wp\/v2\/product\/7109\/revisions"}],"predecessor-version":[{"id":31280,"href":"https:\/\/vermay.de\/en\/wp-json\/wp\/v2\/product\/7109\/revisions\/31280"}],"wp:featuredmedia":[{"embeddable":true,"href":"https:\/\/vermay.de\/en\/wp-json\/wp\/v2\/media\/19281"}],"wp:attachment":[{"href":"https:\/\/vermay.de\/en\/wp-json\/wp\/v2\/media?parent=7109"}],"wp:term":[{"taxonomy":"product_brand","embeddable":true,"href":"https:\/\/vermay.de\/en\/wp-json\/wp\/v2\/product_brand?post=7109"},{"taxonomy":"product_cat","embeddable":true,"href":"https:\/\/vermay.de\/en\/wp-json\/wp\/v2\/product_cat?post=7109"},{"taxonomy":"product_tag","embeddable":true,"href":"https:\/\/vermay.de\/en\/wp-json\/wp\/v2\/product_tag?post=7109"}],"curies":[{"name":"wp","href":"https:\/\/api.w.org\/{rel}","templated":true}]}}