{"id":7059,"date":"2021-07-22T14:57:10","date_gmt":"2021-07-22T14:57:10","guid":{"rendered":"http:\/\/vermay.geb-staging.de\/?post_type=product&#038;p=7059"},"modified":"2026-01-15T08:29:36","modified_gmt":"2026-01-15T08:29:36","slug":"articulated-foot-with-plastic-plate-gfk","status":"publish","type":"product","link":"https:\/\/vermay.de\/en\/product-2\/articulated-foot-with-plastic-plate-gfk\/","title":{"rendered":"GRP"},"content":{"rendered":"<p>Thanks to the large angle of inclination, this foot is particularly suitable for levelling out large floor slopes and unevenness. An optional rubber inlay protects the floor from possible scratches and has an anti-slip effect.<\/p>","protected":false},"excerpt":{"rendered":"<ul>\n<li>ball-and-socket foot made of stainless steel or steel<\/li>\n<li>ball-and-socket plate 40, 58, and 78 mm diameter made of PA6, black<\/li>\n<li>with or without selectable rubber insert<\/li>\n<li>rotatable and tiltable up to 20\u00b0<\/li>\n<li><img decoding=\"async\" class=\"icongewicht icongewicht1\" src=\"https:\/\/vermay.de\/\/wp-content\/uploads\/2024\/11\/gewicht-2.svg\" \/><br \/>\n<img decoding=\"async\" class=\"icongewicht icongewicht2\" src=\"https:\/\/vermay.de\/\/wp-content\/uploads\/2024\/11\/gewicht.svg\" \/>Load range<br \/>\nbis 500 kg.<\/li>\n<\/ul>","protected":false},"featured_media":20155,"template":"","meta":{"_acf_changed":false},"product_brand":[],"product_cat":[21],"product_tag":[535,539,523],"class_list":{"0":"post-7059","1":"product","2":"type-product","3":"status-publish","4":"has-post-thumbnail","6":"product_cat-gelenkfuesse","7":"product_tag-logistik-foerderanlagen-etikettiermaschinen-etc","8":"product_tag-maschinen-anlagen-und-behaelterbau","9":"product_tag-messe-und-ladenbau","11":"first","12":"instock","13":"taxable","14":"shipping-taxable","15":"purchasable","16":"product-type-variable","17":"has-default-attributes"},"acf":[],"yoast_head":"<!-- This site is optimized with the Yoast SEO plugin v27.6 - https:\/\/yoast.com\/product\/yoast-seo-wordpress\/ -->\n<title>GFK - Gelenkf\u00fc\u00dfe - VERMAY GmbH<\/title>\n<meta name=\"description\" content=\"Durch den gro\u00dfen Neigungswinkel eignet sich dieser Fu\u00df besonders zum H\u00f6henausgleich von gro\u00dfen Bodenschr\u00e4gen. Eine Einlage sch\u00fctzt den Boden.\" \/>\n<meta name=\"robots\" content=\"index, follow, max-snippet:-1, max-image-preview:large, max-video-preview:-1\" \/>\n<link rel=\"canonical\" href=\"https:\/\/vermay.de\/en\/product-2\/articulated-foot-with-plastic-plate-gfk\/\" \/>\n<meta property=\"og:locale\" content=\"en_US\" \/>\n<meta property=\"og:type\" content=\"article\" \/>\n<meta property=\"og:title\" content=\"GFK - Gelenkf\u00fc\u00dfe - VERMAY GmbH\" \/>\n<meta property=\"og:description\" content=\"Durch den gro\u00dfen Neigungswinkel eignet sich dieser Fu\u00df besonders zum H\u00f6henausgleich von gro\u00dfen Bodenschr\u00e4gen. Eine Einlage sch\u00fctzt den Boden.\" \/>\n<meta property=\"og:url\" content=\"https:\/\/vermay.de\/en\/product-2\/articulated-foot-with-plastic-plate-gfk\/\" \/>\n<meta property=\"og:site_name\" content=\"VERMAY GmbH\" \/>\n<meta property=\"article:modified_time\" content=\"2026-01-15T08:29:36+00:00\" \/>\n<meta property=\"og:image\" content=\"https:\/\/vermay.de\/wp-content\/uploads\/2021\/07\/Gelenkfuss_GFK-MB_Vermay_Gruppe.jpg\" \/>\n\t<meta property=\"og:image:width\" content=\"400\" \/>\n\t<meta property=\"og:image:height\" content=\"400\" \/>\n\t<meta property=\"og:image:type\" content=\"image\/jpeg\" \/>\n<meta name=\"twitter:card\" content=\"summary_large_image\" \/>\n<meta name=\"twitter:label1\" content=\"Est. reading time\" \/>\n\t<meta name=\"twitter:data1\" content=\"1 minute\" \/>\n<script type=\"application\/ld+json\" class=\"yoast-schema-graph\">{\"@context\":\"https:\\\/\\\/schema.org\",\"@graph\":[{\"@type\":\"WebPage\",\"@id\":\"https:\\\/\\\/vermay.de\\\/hu\\\/termek\\\/csuklos-lab-muanyag-lemezzel-gfk\\\/\",\"url\":\"https:\\\/\\\/vermay.de\\\/hu\\\/termek\\\/csuklos-lab-muanyag-lemezzel-gfk\\\/\",\"name\":\"GFK - Gelenkf\u00fc\u00dfe - VERMAY GmbH\",\"isPartOf\":{\"@id\":\"https:\\\/\\\/vermay.de\\\/#website\"},\"primaryImageOfPage\":{\"@id\":\"https:\\\/\\\/vermay.de\\\/hu\\\/termek\\\/csuklos-lab-muanyag-lemezzel-gfk\\\/#primaryimage\"},\"image\":{\"@id\":\"https:\\\/\\\/vermay.de\\\/hu\\\/termek\\\/csuklos-lab-muanyag-lemezzel-gfk\\\/#primaryimage\"},\"thumbnailUrl\":\"https:\\\/\\\/vermay.de\\\/wp-content\\\/uploads\\\/2021\\\/07\\\/Gelenkfuss_GFK-MB_Vermay_Gruppe.jpg\",\"datePublished\":\"2021-07-22T14:57:10+00:00\",\"dateModified\":\"2026-01-15T08:29:36+00:00\",\"description\":\"Durch den gro\u00dfen Neigungswinkel eignet sich dieser Fu\u00df besonders zum H\u00f6henausgleich von gro\u00dfen Bodenschr\u00e4gen. Eine Einlage sch\u00fctzt den Boden.\",\"breadcrumb\":{\"@id\":\"https:\\\/\\\/vermay.de\\\/hu\\\/termek\\\/csuklos-lab-muanyag-lemezzel-gfk\\\/#breadcrumb\"},\"inLanguage\":\"en-US\",\"potentialAction\":[{\"@type\":\"ReadAction\",\"target\":[\"https:\\\/\\\/vermay.de\\\/hu\\\/termek\\\/csuklos-lab-muanyag-lemezzel-gfk\\\/\"]}]},{\"@type\":\"ImageObject\",\"inLanguage\":\"en-US\",\"@id\":\"https:\\\/\\\/vermay.de\\\/hu\\\/termek\\\/csuklos-lab-muanyag-lemezzel-gfk\\\/#primaryimage\",\"url\":\"https:\\\/\\\/vermay.de\\\/wp-content\\\/uploads\\\/2021\\\/07\\\/Gelenkfuss_GFK-MB_Vermay_Gruppe.jpg\",\"contentUrl\":\"https:\\\/\\\/vermay.de\\\/wp-content\\\/uploads\\\/2021\\\/07\\\/Gelenkfuss_GFK-MB_Vermay_Gruppe.jpg\",\"width\":400,\"height\":400},{\"@type\":\"BreadcrumbList\",\"@id\":\"https:\\\/\\\/vermay.de\\\/hu\\\/termek\\\/csuklos-lab-muanyag-lemezzel-gfk\\\/#breadcrumb\",\"itemListElement\":[{\"@type\":\"ListItem\",\"position\":1,\"name\":\"Startseite\",\"item\":\"https:\\\/\\\/vermay.de\\\/\"},{\"@type\":\"ListItem\",\"position\":2,\"name\":\"Produktkonfigurator\",\"item\":\"https:\\\/\\\/vermay.de\\\/produktkonfigurator\\\/\"},{\"@type\":\"ListItem\",\"position\":3,\"name\":\"GFK\"}]},{\"@type\":\"WebSite\",\"@id\":\"https:\\\/\\\/vermay.de\\\/#website\",\"url\":\"https:\\\/\\\/vermay.de\\\/\",\"name\":\"VERMAY GmbH\",\"description\":\"on the level\",\"publisher\":{\"@id\":\"https:\\\/\\\/vermay.de\\\/#organization\"},\"potentialAction\":[{\"@type\":\"SearchAction\",\"target\":{\"@type\":\"EntryPoint\",\"urlTemplate\":\"https:\\\/\\\/vermay.de\\\/?s={search_term_string}\"},\"query-input\":{\"@type\":\"PropertyValueSpecification\",\"valueRequired\":true,\"valueName\":\"search_term_string\"}}],\"inLanguage\":\"en-US\"},{\"@type\":\"Organization\",\"@id\":\"https:\\\/\\\/vermay.de\\\/#organization\",\"name\":\"VERMAY GmbH\",\"url\":\"https:\\\/\\\/vermay.de\\\/\",\"logo\":{\"@type\":\"ImageObject\",\"inLanguage\":\"en-US\",\"@id\":\"https:\\\/\\\/vermay.de\\\/#\\\/schema\\\/logo\\\/image\\\/\",\"url\":\"https:\\\/\\\/vermay.de\\\/wp-content\\\/uploads\\\/2021\\\/05\\\/Vermay_Logo_rgb.svg\",\"contentUrl\":\"https:\\\/\\\/vermay.de\\\/wp-content\\\/uploads\\\/2021\\\/05\\\/Vermay_Logo_rgb.svg\",\"width\":232,\"height\":80,\"caption\":\"VERMAY GmbH\"},\"image\":{\"@id\":\"https:\\\/\\\/vermay.de\\\/#\\\/schema\\\/logo\\\/image\\\/\"}}]}<\/script>\n<!-- \/ Yoast SEO plugin. -->","yoast_head_json":{"title":"GRP - Articulated feet - VERMAY GmbH","description":"The large angle of inclination makes this foot particularly suitable for leveling large sloping floors. An insert protects the floor.","robots":{"index":"index","follow":"follow","max-snippet":"max-snippet:-1","max-image-preview":"max-image-preview:large","max-video-preview":"max-video-preview:-1"},"canonical":"https:\/\/vermay.de\/en\/product-2\/articulated-foot-with-plastic-plate-gfk\/","og_locale":"en_US","og_type":"article","og_title":"GFK - Gelenkf\u00fc\u00dfe - VERMAY GmbH","og_description":"Durch den gro\u00dfen Neigungswinkel eignet sich dieser Fu\u00df besonders zum H\u00f6henausgleich von gro\u00dfen Bodenschr\u00e4gen. Eine Einlage sch\u00fctzt den Boden.","og_url":"https:\/\/vermay.de\/en\/product-2\/articulated-foot-with-plastic-plate-gfk\/","og_site_name":"VERMAY GmbH","article_modified_time":"2026-01-15T08:29:36+00:00","og_image":[{"width":400,"height":400,"url":"https:\/\/vermay.de\/wp-content\/uploads\/2021\/07\/Gelenkfuss_GFK-MB_Vermay_Gruppe.jpg","type":"image\/jpeg"}],"twitter_card":"summary_large_image","twitter_misc":{"Est. reading time":"1 minute"},"schema":{"@context":"https:\/\/schema.org","@graph":[{"@type":"WebPage","@id":"https:\/\/vermay.de\/hu\/termek\/csuklos-lab-muanyag-lemezzel-gfk\/","url":"https:\/\/vermay.de\/hu\/termek\/csuklos-lab-muanyag-lemezzel-gfk\/","name":"GRP - Articulated feet - VERMAY GmbH","isPartOf":{"@id":"https:\/\/vermay.de\/#website"},"primaryImageOfPage":{"@id":"https:\/\/vermay.de\/hu\/termek\/csuklos-lab-muanyag-lemezzel-gfk\/#primaryimage"},"image":{"@id":"https:\/\/vermay.de\/hu\/termek\/csuklos-lab-muanyag-lemezzel-gfk\/#primaryimage"},"thumbnailUrl":"https:\/\/vermay.de\/wp-content\/uploads\/2021\/07\/Gelenkfuss_GFK-MB_Vermay_Gruppe.jpg","datePublished":"2021-07-22T14:57:10+00:00","dateModified":"2026-01-15T08:29:36+00:00","description":"The large angle of inclination makes this foot particularly suitable for leveling large sloping floors. An insert protects the floor.","breadcrumb":{"@id":"https:\/\/vermay.de\/hu\/termek\/csuklos-lab-muanyag-lemezzel-gfk\/#breadcrumb"},"inLanguage":"en-US","potentialAction":[{"@type":"ReadAction","target":["https:\/\/vermay.de\/hu\/termek\/csuklos-lab-muanyag-lemezzel-gfk\/"]}]},{"@type":"ImageObject","inLanguage":"en-US","@id":"https:\/\/vermay.de\/hu\/termek\/csuklos-lab-muanyag-lemezzel-gfk\/#primaryimage","url":"https:\/\/vermay.de\/wp-content\/uploads\/2021\/07\/Gelenkfuss_GFK-MB_Vermay_Gruppe.jpg","contentUrl":"https:\/\/vermay.de\/wp-content\/uploads\/2021\/07\/Gelenkfuss_GFK-MB_Vermay_Gruppe.jpg","width":400,"height":400},{"@type":"BreadcrumbList","@id":"https:\/\/vermay.de\/hu\/termek\/csuklos-lab-muanyag-lemezzel-gfk\/#breadcrumb","itemListElement":[{"@type":"ListItem","position":1,"name":"Startseite","item":"https:\/\/vermay.de\/"},{"@type":"ListItem","position":2,"name":"Produktkonfigurator","item":"https:\/\/vermay.de\/produktkonfigurator\/"},{"@type":"ListItem","position":3,"name":"GFK"}]},{"@type":"WebSite","@id":"https:\/\/vermay.de\/#website","url":"https:\/\/vermay.de\/","name":"VERMAY GmbH","description":"on the level","publisher":{"@id":"https:\/\/vermay.de\/#organization"},"potentialAction":[{"@type":"SearchAction","target":{"@type":"EntryPoint","urlTemplate":"https:\/\/vermay.de\/?s={search_term_string}"},"query-input":{"@type":"PropertyValueSpecification","valueRequired":true,"valueName":"search_term_string"}}],"inLanguage":"en-US"},{"@type":"Organization","@id":"https:\/\/vermay.de\/#organization","name":"VERMAY GmbH","url":"https:\/\/vermay.de\/","logo":{"@type":"ImageObject","inLanguage":"en-US","@id":"https:\/\/vermay.de\/#\/schema\/logo\/image\/","url":"https:\/\/vermay.de\/wp-content\/uploads\/2021\/05\/Vermay_Logo_rgb.svg","contentUrl":"https:\/\/vermay.de\/wp-content\/uploads\/2021\/05\/Vermay_Logo_rgb.svg","width":232,"height":80,"caption":"VERMAY GmbH"},"image":{"@id":"https:\/\/vermay.de\/#\/schema\/logo\/image\/"}}]}},"_links":{"self":[{"href":"https:\/\/vermay.de\/en\/wp-json\/wp\/v2\/product\/7059","targetHints":{"allow":["GET"]}}],"collection":[{"href":"https:\/\/vermay.de\/en\/wp-json\/wp\/v2\/product"}],"about":[{"href":"https:\/\/vermay.de\/en\/wp-json\/wp\/v2\/types\/product"}],"version-history":[{"count":12,"href":"https:\/\/vermay.de\/en\/wp-json\/wp\/v2\/product\/7059\/revisions"}],"predecessor-version":[{"id":28925,"href":"https:\/\/vermay.de\/en\/wp-json\/wp\/v2\/product\/7059\/revisions\/28925"}],"wp:featuredmedia":[{"embeddable":true,"href":"https:\/\/vermay.de\/en\/wp-json\/wp\/v2\/media\/20155"}],"wp:attachment":[{"href":"https:\/\/vermay.de\/en\/wp-json\/wp\/v2\/media?parent=7059"}],"wp:term":[{"taxonomy":"product_brand","embeddable":true,"href":"https:\/\/vermay.de\/en\/wp-json\/wp\/v2\/product_brand?post=7059"},{"taxonomy":"product_cat","embeddable":true,"href":"https:\/\/vermay.de\/en\/wp-json\/wp\/v2\/product_cat?post=7059"},{"taxonomy":"product_tag","embeddable":true,"href":"https:\/\/vermay.de\/en\/wp-json\/wp\/v2\/product_tag?post=7059"}],"curies":[{"name":"wp","href":"https:\/\/api.w.org\/{rel}","templated":true}]}}