{"id":6990,"date":"2021-07-22T14:19:26","date_gmt":"2021-07-22T14:19:26","guid":{"rendered":"http:\/\/vermay.geb-staging.de\/?post_type=product&#038;p=6990"},"modified":"2026-01-15T08:35:22","modified_gmt":"2026-01-15T08:35:22","slug":"articulated-foot-with-plastic-plate-gfh-a","status":"publish","type":"product","link":"https:\/\/vermay.de\/en\/product-2\/articulated-foot-with-plastic-plate-gfh-a\/","title":{"rendered":"GFH-A"},"content":{"rendered":"<p>The PA6 base plate has two concealed fixing holes that can be drilled out if necessary. The optional rubber inlay made of nitrile rubber (NBR, black) prevents the transmission of vibrations while stabilising the ground contact. The articulated base can be tilted by approx. 20\u00b0 on all sides.<\/p>","protected":false},"excerpt":{"rendered":"<ul>\n<li>ball-and-socket foot made of stainless steel or steel<\/li>\n<li>ball-and-socket plate 125 mm diameter x 45 mm height made of PA6, black<\/li>\n<li>with or without selectable rubber insert<\/li>\n<li>rotatable and tiltable up to 20\u00b0<\/li>\n<li><img decoding=\"async\" class=\"icongewicht icongewicht1\" src=\"https:\/\/vermay.de\/\/wp-content\/uploads\/2024\/11\/gewicht-2.svg\" \/><br \/>\n<img decoding=\"async\" class=\"icongewicht icongewicht2\" src=\"https:\/\/vermay.de\/\/wp-content\/uploads\/2024\/11\/gewicht.svg\" \/>Load range<br \/>\nbis 700 kg.<\/li>\n<\/ul>","protected":false},"featured_media":19317,"template":"","meta":{"_acf_changed":false},"product_brand":[],"product_cat":[21],"product_tag":[539],"class_list":{"0":"post-6990","1":"product","2":"type-product","3":"status-publish","4":"has-post-thumbnail","6":"product_cat-gelenkfuesse","7":"product_tag-maschinen-anlagen-und-behaelterbau","9":"first","10":"instock","11":"taxable","12":"shipping-taxable","13":"purchasable","14":"product-type-variable","15":"has-default-attributes"},"acf":[],"yoast_head":"<!-- This site is optimized with the Yoast SEO plugin v27.6 - https:\/\/yoast.com\/product\/yoast-seo-wordpress\/ -->\n<title>GFH-A - Gelenkf\u00fc\u00dfe - VERMAY GmbH<\/title>\n<meta name=\"description\" content=\"Der Fu\u00dfteller ist mit zwei verdeckten Befestigungsl\u00f6chern versehen. Die Gummieinlage aus Nitrilkautschuk erschwert die \u00dcbertragung von Schwingungen.\" \/>\n<meta name=\"robots\" content=\"index, follow, max-snippet:-1, max-image-preview:large, max-video-preview:-1\" \/>\n<link rel=\"canonical\" href=\"https:\/\/vermay.de\/en\/product-2\/articulated-foot-with-plastic-plate-gfh-a\/\" \/>\n<meta property=\"og:locale\" content=\"en_US\" \/>\n<meta property=\"og:type\" content=\"article\" \/>\n<meta property=\"og:title\" content=\"GFH-A - Gelenkf\u00fc\u00dfe - VERMAY GmbH\" \/>\n<meta property=\"og:description\" content=\"Der Fu\u00dfteller ist mit zwei verdeckten Befestigungsl\u00f6chern versehen. Die Gummieinlage aus Nitrilkautschuk erschwert die \u00dcbertragung von Schwingungen.\" \/>\n<meta property=\"og:url\" content=\"https:\/\/vermay.de\/en\/product-2\/articulated-foot-with-plastic-plate-gfh-a\/\" \/>\n<meta property=\"og:site_name\" content=\"VERMAY GmbH\" \/>\n<meta property=\"article:modified_time\" content=\"2026-01-15T08:35:22+00:00\" \/>\n<meta property=\"og:image\" content=\"https:\/\/vermay.de\/wp-content\/uploads\/2021\/07\/Gelenkfuss_GFH-A_Vermay_01.jpeg\" \/>\n\t<meta property=\"og:image:width\" content=\"400\" \/>\n\t<meta property=\"og:image:height\" content=\"400\" \/>\n\t<meta property=\"og:image:type\" content=\"image\/jpeg\" \/>\n<meta name=\"twitter:card\" content=\"summary_large_image\" \/>\n<meta name=\"twitter:label1\" content=\"Est. reading time\" \/>\n\t<meta name=\"twitter:data1\" content=\"1 minute\" \/>\n<script type=\"application\/ld+json\" class=\"yoast-schema-graph\">{\"@context\":\"https:\\\/\\\/schema.org\",\"@graph\":[{\"@type\":\"WebPage\",\"@id\":\"https:\\\/\\\/vermay.de\\\/produkt\\\/gelenkfuss-mit-kunststoffteller-gfh-a\\\/\",\"url\":\"https:\\\/\\\/vermay.de\\\/produkt\\\/gelenkfuss-mit-kunststoffteller-gfh-a\\\/\",\"name\":\"GFH-A - Gelenkf\u00fc\u00dfe - VERMAY GmbH\",\"isPartOf\":{\"@id\":\"https:\\\/\\\/vermay.de\\\/#website\"},\"primaryImageOfPage\":{\"@id\":\"https:\\\/\\\/vermay.de\\\/produkt\\\/gelenkfuss-mit-kunststoffteller-gfh-a\\\/#primaryimage\"},\"image\":{\"@id\":\"https:\\\/\\\/vermay.de\\\/produkt\\\/gelenkfuss-mit-kunststoffteller-gfh-a\\\/#primaryimage\"},\"thumbnailUrl\":\"https:\\\/\\\/vermay.de\\\/wp-content\\\/uploads\\\/2021\\\/07\\\/Gelenkfuss_GFH-A_Vermay_01.jpeg\",\"datePublished\":\"2021-07-22T14:19:26+00:00\",\"dateModified\":\"2026-01-15T08:35:22+00:00\",\"description\":\"Der Fu\u00dfteller ist mit zwei verdeckten Befestigungsl\u00f6chern versehen. Die Gummieinlage aus Nitrilkautschuk erschwert die \u00dcbertragung von Schwingungen.\",\"breadcrumb\":{\"@id\":\"https:\\\/\\\/vermay.de\\\/produkt\\\/gelenkfuss-mit-kunststoffteller-gfh-a\\\/#breadcrumb\"},\"inLanguage\":\"en-US\",\"potentialAction\":[{\"@type\":\"ReadAction\",\"target\":[\"https:\\\/\\\/vermay.de\\\/produkt\\\/gelenkfuss-mit-kunststoffteller-gfh-a\\\/\"]}]},{\"@type\":\"ImageObject\",\"inLanguage\":\"en-US\",\"@id\":\"https:\\\/\\\/vermay.de\\\/produkt\\\/gelenkfuss-mit-kunststoffteller-gfh-a\\\/#primaryimage\",\"url\":\"https:\\\/\\\/vermay.de\\\/wp-content\\\/uploads\\\/2021\\\/07\\\/Gelenkfuss_GFH-A_Vermay_01.jpeg\",\"contentUrl\":\"https:\\\/\\\/vermay.de\\\/wp-content\\\/uploads\\\/2021\\\/07\\\/Gelenkfuss_GFH-A_Vermay_01.jpeg\",\"width\":400,\"height\":400,\"caption\":\"GFH-A Vermay stehend\"},{\"@type\":\"BreadcrumbList\",\"@id\":\"https:\\\/\\\/vermay.de\\\/produkt\\\/gelenkfuss-mit-kunststoffteller-gfh-a\\\/#breadcrumb\",\"itemListElement\":[{\"@type\":\"ListItem\",\"position\":1,\"name\":\"Startseite\",\"item\":\"https:\\\/\\\/vermay.de\\\/\"},{\"@type\":\"ListItem\",\"position\":2,\"name\":\"Produktkonfigurator\",\"item\":\"https:\\\/\\\/vermay.de\\\/produktkonfigurator\\\/\"},{\"@type\":\"ListItem\",\"position\":3,\"name\":\"GFH-A\"}]},{\"@type\":\"WebSite\",\"@id\":\"https:\\\/\\\/vermay.de\\\/#website\",\"url\":\"https:\\\/\\\/vermay.de\\\/\",\"name\":\"VERMAY GmbH\",\"description\":\"on the level\",\"publisher\":{\"@id\":\"https:\\\/\\\/vermay.de\\\/#organization\"},\"potentialAction\":[{\"@type\":\"SearchAction\",\"target\":{\"@type\":\"EntryPoint\",\"urlTemplate\":\"https:\\\/\\\/vermay.de\\\/?s={search_term_string}\"},\"query-input\":{\"@type\":\"PropertyValueSpecification\",\"valueRequired\":true,\"valueName\":\"search_term_string\"}}],\"inLanguage\":\"en-US\"},{\"@type\":\"Organization\",\"@id\":\"https:\\\/\\\/vermay.de\\\/#organization\",\"name\":\"VERMAY GmbH\",\"url\":\"https:\\\/\\\/vermay.de\\\/\",\"logo\":{\"@type\":\"ImageObject\",\"inLanguage\":\"en-US\",\"@id\":\"https:\\\/\\\/vermay.de\\\/#\\\/schema\\\/logo\\\/image\\\/\",\"url\":\"https:\\\/\\\/vermay.de\\\/wp-content\\\/uploads\\\/2021\\\/05\\\/Vermay_Logo_rgb.svg\",\"contentUrl\":\"https:\\\/\\\/vermay.de\\\/wp-content\\\/uploads\\\/2021\\\/05\\\/Vermay_Logo_rgb.svg\",\"width\":232,\"height\":80,\"caption\":\"VERMAY GmbH\"},\"image\":{\"@id\":\"https:\\\/\\\/vermay.de\\\/#\\\/schema\\\/logo\\\/image\\\/\"}}]}<\/script>\n<!-- \/ Yoast SEO plugin. -->","yoast_head_json":{"title":"GFH-A - Articulated feet - VERMAY GmbH","description":"The base plate has two concealed fixing holes. The rubber insert made of nitrile rubber makes the transmission of vibrations more difficult.","robots":{"index":"index","follow":"follow","max-snippet":"max-snippet:-1","max-image-preview":"max-image-preview:large","max-video-preview":"max-video-preview:-1"},"canonical":"https:\/\/vermay.de\/en\/product-2\/articulated-foot-with-plastic-plate-gfh-a\/","og_locale":"en_US","og_type":"article","og_title":"GFH-A - Gelenkf\u00fc\u00dfe - VERMAY GmbH","og_description":"Der Fu\u00dfteller ist mit zwei verdeckten Befestigungsl\u00f6chern versehen. Die Gummieinlage aus Nitrilkautschuk erschwert die \u00dcbertragung von Schwingungen.","og_url":"https:\/\/vermay.de\/en\/product-2\/articulated-foot-with-plastic-plate-gfh-a\/","og_site_name":"VERMAY GmbH","article_modified_time":"2026-01-15T08:35:22+00:00","og_image":[{"width":400,"height":400,"url":"https:\/\/vermay.de\/wp-content\/uploads\/2021\/07\/Gelenkfuss_GFH-A_Vermay_01.jpeg","type":"image\/jpeg"}],"twitter_card":"summary_large_image","twitter_misc":{"Est. reading time":"1 minute"},"schema":{"@context":"https:\/\/schema.org","@graph":[{"@type":"WebPage","@id":"https:\/\/vermay.de\/produkt\/gelenkfuss-mit-kunststoffteller-gfh-a\/","url":"https:\/\/vermay.de\/produkt\/gelenkfuss-mit-kunststoffteller-gfh-a\/","name":"GFH-A - Articulated feet - VERMAY GmbH","isPartOf":{"@id":"https:\/\/vermay.de\/#website"},"primaryImageOfPage":{"@id":"https:\/\/vermay.de\/produkt\/gelenkfuss-mit-kunststoffteller-gfh-a\/#primaryimage"},"image":{"@id":"https:\/\/vermay.de\/produkt\/gelenkfuss-mit-kunststoffteller-gfh-a\/#primaryimage"},"thumbnailUrl":"https:\/\/vermay.de\/wp-content\/uploads\/2021\/07\/Gelenkfuss_GFH-A_Vermay_01.jpeg","datePublished":"2021-07-22T14:19:26+00:00","dateModified":"2026-01-15T08:35:22+00:00","description":"The base plate has two concealed fixing holes. The rubber insert made of nitrile rubber makes the transmission of vibrations more difficult.","breadcrumb":{"@id":"https:\/\/vermay.de\/produkt\/gelenkfuss-mit-kunststoffteller-gfh-a\/#breadcrumb"},"inLanguage":"en-US","potentialAction":[{"@type":"ReadAction","target":["https:\/\/vermay.de\/produkt\/gelenkfuss-mit-kunststoffteller-gfh-a\/"]}]},{"@type":"ImageObject","inLanguage":"en-US","@id":"https:\/\/vermay.de\/produkt\/gelenkfuss-mit-kunststoffteller-gfh-a\/#primaryimage","url":"https:\/\/vermay.de\/wp-content\/uploads\/2021\/07\/Gelenkfuss_GFH-A_Vermay_01.jpeg","contentUrl":"https:\/\/vermay.de\/wp-content\/uploads\/2021\/07\/Gelenkfuss_GFH-A_Vermay_01.jpeg","width":400,"height":400,"caption":"GFH-A Vermay stehend"},{"@type":"BreadcrumbList","@id":"https:\/\/vermay.de\/produkt\/gelenkfuss-mit-kunststoffteller-gfh-a\/#breadcrumb","itemListElement":[{"@type":"ListItem","position":1,"name":"Startseite","item":"https:\/\/vermay.de\/"},{"@type":"ListItem","position":2,"name":"Produktkonfigurator","item":"https:\/\/vermay.de\/produktkonfigurator\/"},{"@type":"ListItem","position":3,"name":"GFH-A"}]},{"@type":"WebSite","@id":"https:\/\/vermay.de\/#website","url":"https:\/\/vermay.de\/","name":"VERMAY GmbH","description":"on the level","publisher":{"@id":"https:\/\/vermay.de\/#organization"},"potentialAction":[{"@type":"SearchAction","target":{"@type":"EntryPoint","urlTemplate":"https:\/\/vermay.de\/?s={search_term_string}"},"query-input":{"@type":"PropertyValueSpecification","valueRequired":true,"valueName":"search_term_string"}}],"inLanguage":"en-US"},{"@type":"Organization","@id":"https:\/\/vermay.de\/#organization","name":"VERMAY GmbH","url":"https:\/\/vermay.de\/","logo":{"@type":"ImageObject","inLanguage":"en-US","@id":"https:\/\/vermay.de\/#\/schema\/logo\/image\/","url":"https:\/\/vermay.de\/wp-content\/uploads\/2021\/05\/Vermay_Logo_rgb.svg","contentUrl":"https:\/\/vermay.de\/wp-content\/uploads\/2021\/05\/Vermay_Logo_rgb.svg","width":232,"height":80,"caption":"VERMAY GmbH"},"image":{"@id":"https:\/\/vermay.de\/#\/schema\/logo\/image\/"}}]}},"_links":{"self":[{"href":"https:\/\/vermay.de\/en\/wp-json\/wp\/v2\/product\/6990","targetHints":{"allow":["GET"]}}],"collection":[{"href":"https:\/\/vermay.de\/en\/wp-json\/wp\/v2\/product"}],"about":[{"href":"https:\/\/vermay.de\/en\/wp-json\/wp\/v2\/types\/product"}],"version-history":[{"count":11,"href":"https:\/\/vermay.de\/en\/wp-json\/wp\/v2\/product\/6990\/revisions"}],"predecessor-version":[{"id":31229,"href":"https:\/\/vermay.de\/en\/wp-json\/wp\/v2\/product\/6990\/revisions\/31229"}],"wp:featuredmedia":[{"embeddable":true,"href":"https:\/\/vermay.de\/en\/wp-json\/wp\/v2\/media\/19317"}],"wp:attachment":[{"href":"https:\/\/vermay.de\/en\/wp-json\/wp\/v2\/media?parent=6990"}],"wp:term":[{"taxonomy":"product_brand","embeddable":true,"href":"https:\/\/vermay.de\/en\/wp-json\/wp\/v2\/product_brand?post=6990"},{"taxonomy":"product_cat","embeddable":true,"href":"https:\/\/vermay.de\/en\/wp-json\/wp\/v2\/product_cat?post=6990"},{"taxonomy":"product_tag","embeddable":true,"href":"https:\/\/vermay.de\/en\/wp-json\/wp\/v2\/product_tag?post=6990"}],"curies":[{"name":"wp","href":"https:\/\/api.w.org\/{rel}","templated":true}]}}