{"id":6774,"date":"2021-07-22T14:15:09","date_gmt":"2021-07-22T14:15:09","guid":{"rendered":"http:\/\/vermay.geb-staging.de\/?post_type=product&#038;p=6774"},"modified":"2026-01-15T09:24:53","modified_gmt":"2026-01-15T09:24:53","slug":"leveling-foot-with-mounting-bracket-nfl-b","status":"publish","type":"product","link":"https:\/\/vermay.de\/en\/product-2\/leveling-foot-with-mounting-bracket-nfl-b\/","title":{"rendered":"NFL-B"},"content":{"rendered":"<p>The materials used and the design of this base fulfil all the requirements that are essential for hygiene suitability. The polished base is bevelled and therefore very easy to keep clean. The integrated damper minimises the transmission of machine vibrations and shocks to the floor and building, absorbs structure-borne noise and has excellent traction. It can be easily anchored to the floor using the bracket. The threaded spindle made of stainless steel (1.4301) is connected to the base plate made of stainless steel (1.4301) and damper made of nitrile rubber (NBR, black), which can be rotated and tilted up to 5-7\u00b0 on all sides.<\/p>","protected":false},"excerpt":{"rendered":"<ul>\n<li>machine foot made of stainless steel<\/li>\n<li>with one mounting lug and vulcanized rubber<\/li>\n<li>the spindle is tiltable by 10\u00b0<\/li>\n<li><img decoding=\"async\" class=\"icongewicht icongewicht1\" src=\"https:\/\/vermay.de\/\/wp-content\/uploads\/2024\/11\/gewicht-2.svg\" \/><br \/>\n<img decoding=\"async\" class=\"icongewicht icongewicht2\" src=\"https:\/\/vermay.de\/\/wp-content\/uploads\/2024\/11\/gewicht.svg\" \/>Load range<br \/>\n700 &#8211; 1.800 kg<\/li>\n<\/ul>","protected":false},"featured_media":6777,"template":"","meta":{"_acf_changed":false},"product_brand":[],"product_cat":[42],"product_tag":[],"class_list":{"0":"post-6774","1":"product","2":"type-product","3":"status-publish","4":"has-post-thumbnail","6":"product_cat-maschinenfuse-nivellierfuse","8":"first","9":"instock","10":"taxable","11":"shipping-taxable","12":"purchasable","13":"product-type-variable","14":"has-default-attributes"},"acf":[],"yoast_head":"<!-- This site is optimized with the Yoast SEO plugin v27.6 - https:\/\/yoast.com\/product\/yoast-seo-wordpress\/ -->\n<title>NFL-B - Maschinenf\u00fc\u00dfe - VERMAY GmbH<\/title>\n<meta name=\"description\" content=\"Bei den verwendeten Materialien des NFL-B wurden alle Auflagen erf\u00fcllt, die f\u00fcr eine Hygienetauglichkeit ma\u00dfgeblich sind.\" \/>\n<meta name=\"robots\" content=\"index, follow, max-snippet:-1, max-image-preview:large, max-video-preview:-1\" \/>\n<link rel=\"canonical\" href=\"https:\/\/vermay.de\/en\/product-2\/leveling-foot-with-mounting-bracket-nfl-b\/\" \/>\n<meta property=\"og:locale\" content=\"en_US\" \/>\n<meta property=\"og:type\" content=\"article\" \/>\n<meta property=\"og:title\" content=\"NFL-B - Maschinenf\u00fc\u00dfe - VERMAY GmbH\" \/>\n<meta property=\"og:description\" content=\"Bei den verwendeten Materialien des NFL-B wurden alle Auflagen erf\u00fcllt, die f\u00fcr eine Hygienetauglichkeit ma\u00dfgeblich sind.\" \/>\n<meta property=\"og:url\" content=\"https:\/\/vermay.de\/en\/product-2\/leveling-foot-with-mounting-bracket-nfl-b\/\" \/>\n<meta property=\"og:site_name\" content=\"VERMAY GmbH\" \/>\n<meta property=\"article:modified_time\" content=\"2026-01-15T09:24:53+00:00\" \/>\n<meta property=\"og:image\" content=\"https:\/\/vermay.de\/wp-content\/uploads\/2021\/07\/VERMAY_Maschinenfuss_NFL_B.jpg\" \/>\n\t<meta property=\"og:image:width\" content=\"450\" \/>\n\t<meta property=\"og:image:height\" content=\"450\" \/>\n\t<meta property=\"og:image:type\" content=\"image\/jpeg\" \/>\n<meta name=\"twitter:card\" content=\"summary_large_image\" \/>\n<meta name=\"twitter:label1\" content=\"Est. reading time\" \/>\n\t<meta name=\"twitter:data1\" content=\"1 minute\" \/>\n<script type=\"application\/ld+json\" class=\"yoast-schema-graph\">{\"@context\":\"https:\\\/\\\/schema.org\",\"@graph\":[{\"@type\":\"WebPage\",\"@id\":\"https:\\\/\\\/vermay.de\\\/hu\\\/termek\\\/kiegyenlito-lab-roegzitohoroggal-nfl-b\\\/\",\"url\":\"https:\\\/\\\/vermay.de\\\/hu\\\/termek\\\/kiegyenlito-lab-roegzitohoroggal-nfl-b\\\/\",\"name\":\"NFL-B - Maschinenf\u00fc\u00dfe - VERMAY GmbH\",\"isPartOf\":{\"@id\":\"https:\\\/\\\/vermay.de\\\/#website\"},\"primaryImageOfPage\":{\"@id\":\"https:\\\/\\\/vermay.de\\\/hu\\\/termek\\\/kiegyenlito-lab-roegzitohoroggal-nfl-b\\\/#primaryimage\"},\"image\":{\"@id\":\"https:\\\/\\\/vermay.de\\\/hu\\\/termek\\\/kiegyenlito-lab-roegzitohoroggal-nfl-b\\\/#primaryimage\"},\"thumbnailUrl\":\"https:\\\/\\\/vermay.de\\\/wp-content\\\/uploads\\\/2021\\\/07\\\/VERMAY_Maschinenfuss_NFL_B.jpg\",\"datePublished\":\"2021-07-22T14:15:09+00:00\",\"dateModified\":\"2026-01-15T09:24:53+00:00\",\"description\":\"Bei den verwendeten Materialien des NFL-B wurden alle Auflagen erf\u00fcllt, die f\u00fcr eine Hygienetauglichkeit ma\u00dfgeblich sind.\",\"breadcrumb\":{\"@id\":\"https:\\\/\\\/vermay.de\\\/hu\\\/termek\\\/kiegyenlito-lab-roegzitohoroggal-nfl-b\\\/#breadcrumb\"},\"inLanguage\":\"en-US\",\"potentialAction\":[{\"@type\":\"ReadAction\",\"target\":[\"https:\\\/\\\/vermay.de\\\/hu\\\/termek\\\/kiegyenlito-lab-roegzitohoroggal-nfl-b\\\/\"]}]},{\"@type\":\"ImageObject\",\"inLanguage\":\"en-US\",\"@id\":\"https:\\\/\\\/vermay.de\\\/hu\\\/termek\\\/kiegyenlito-lab-roegzitohoroggal-nfl-b\\\/#primaryimage\",\"url\":\"https:\\\/\\\/vermay.de\\\/wp-content\\\/uploads\\\/2021\\\/07\\\/VERMAY_Maschinenfuss_NFL_B.jpg\",\"contentUrl\":\"https:\\\/\\\/vermay.de\\\/wp-content\\\/uploads\\\/2021\\\/07\\\/VERMAY_Maschinenfuss_NFL_B.jpg\",\"width\":450,\"height\":450},{\"@type\":\"BreadcrumbList\",\"@id\":\"https:\\\/\\\/vermay.de\\\/hu\\\/termek\\\/kiegyenlito-lab-roegzitohoroggal-nfl-b\\\/#breadcrumb\",\"itemListElement\":[{\"@type\":\"ListItem\",\"position\":1,\"name\":\"Startseite\",\"item\":\"https:\\\/\\\/vermay.de\\\/\"},{\"@type\":\"ListItem\",\"position\":2,\"name\":\"Produktkonfigurator\",\"item\":\"https:\\\/\\\/vermay.de\\\/produktkonfigurator\\\/\"},{\"@type\":\"ListItem\",\"position\":3,\"name\":\"NFL-B\"}]},{\"@type\":\"WebSite\",\"@id\":\"https:\\\/\\\/vermay.de\\\/#website\",\"url\":\"https:\\\/\\\/vermay.de\\\/\",\"name\":\"VERMAY GmbH\",\"description\":\"on the level\",\"publisher\":{\"@id\":\"https:\\\/\\\/vermay.de\\\/#organization\"},\"potentialAction\":[{\"@type\":\"SearchAction\",\"target\":{\"@type\":\"EntryPoint\",\"urlTemplate\":\"https:\\\/\\\/vermay.de\\\/?s={search_term_string}\"},\"query-input\":{\"@type\":\"PropertyValueSpecification\",\"valueRequired\":true,\"valueName\":\"search_term_string\"}}],\"inLanguage\":\"en-US\"},{\"@type\":\"Organization\",\"@id\":\"https:\\\/\\\/vermay.de\\\/#organization\",\"name\":\"VERMAY GmbH\",\"url\":\"https:\\\/\\\/vermay.de\\\/\",\"logo\":{\"@type\":\"ImageObject\",\"inLanguage\":\"en-US\",\"@id\":\"https:\\\/\\\/vermay.de\\\/#\\\/schema\\\/logo\\\/image\\\/\",\"url\":\"https:\\\/\\\/vermay.de\\\/wp-content\\\/uploads\\\/2021\\\/05\\\/Vermay_Logo_rgb.svg\",\"contentUrl\":\"https:\\\/\\\/vermay.de\\\/wp-content\\\/uploads\\\/2021\\\/05\\\/Vermay_Logo_rgb.svg\",\"width\":232,\"height\":80,\"caption\":\"VERMAY GmbH\"},\"image\":{\"@id\":\"https:\\\/\\\/vermay.de\\\/#\\\/schema\\\/logo\\\/image\\\/\"}}]}<\/script>\n<!-- \/ Yoast SEO plugin. -->","yoast_head_json":{"title":"NFL-B - Machine feet - VERMAY GmbH","description":"The materials used for the NFL-B meet all the requirements for hygiene suitability.","robots":{"index":"index","follow":"follow","max-snippet":"max-snippet:-1","max-image-preview":"max-image-preview:large","max-video-preview":"max-video-preview:-1"},"canonical":"https:\/\/vermay.de\/en\/product-2\/leveling-foot-with-mounting-bracket-nfl-b\/","og_locale":"en_US","og_type":"article","og_title":"NFL-B - Maschinenf\u00fc\u00dfe - VERMAY GmbH","og_description":"Bei den verwendeten Materialien des NFL-B wurden alle Auflagen erf\u00fcllt, die f\u00fcr eine Hygienetauglichkeit ma\u00dfgeblich sind.","og_url":"https:\/\/vermay.de\/en\/product-2\/leveling-foot-with-mounting-bracket-nfl-b\/","og_site_name":"VERMAY GmbH","article_modified_time":"2026-01-15T09:24:53+00:00","og_image":[{"width":450,"height":450,"url":"https:\/\/vermay.de\/wp-content\/uploads\/2021\/07\/VERMAY_Maschinenfuss_NFL_B.jpg","type":"image\/jpeg"}],"twitter_card":"summary_large_image","twitter_misc":{"Est. reading time":"1 minute"},"schema":{"@context":"https:\/\/schema.org","@graph":[{"@type":"WebPage","@id":"https:\/\/vermay.de\/hu\/termek\/kiegyenlito-lab-roegzitohoroggal-nfl-b\/","url":"https:\/\/vermay.de\/hu\/termek\/kiegyenlito-lab-roegzitohoroggal-nfl-b\/","name":"NFL-B - Machine feet - VERMAY GmbH","isPartOf":{"@id":"https:\/\/vermay.de\/#website"},"primaryImageOfPage":{"@id":"https:\/\/vermay.de\/hu\/termek\/kiegyenlito-lab-roegzitohoroggal-nfl-b\/#primaryimage"},"image":{"@id":"https:\/\/vermay.de\/hu\/termek\/kiegyenlito-lab-roegzitohoroggal-nfl-b\/#primaryimage"},"thumbnailUrl":"https:\/\/vermay.de\/wp-content\/uploads\/2021\/07\/VERMAY_Maschinenfuss_NFL_B.jpg","datePublished":"2021-07-22T14:15:09+00:00","dateModified":"2026-01-15T09:24:53+00:00","description":"The materials used for the NFL-B meet all the requirements for hygiene suitability.","breadcrumb":{"@id":"https:\/\/vermay.de\/hu\/termek\/kiegyenlito-lab-roegzitohoroggal-nfl-b\/#breadcrumb"},"inLanguage":"en-US","potentialAction":[{"@type":"ReadAction","target":["https:\/\/vermay.de\/hu\/termek\/kiegyenlito-lab-roegzitohoroggal-nfl-b\/"]}]},{"@type":"ImageObject","inLanguage":"en-US","@id":"https:\/\/vermay.de\/hu\/termek\/kiegyenlito-lab-roegzitohoroggal-nfl-b\/#primaryimage","url":"https:\/\/vermay.de\/wp-content\/uploads\/2021\/07\/VERMAY_Maschinenfuss_NFL_B.jpg","contentUrl":"https:\/\/vermay.de\/wp-content\/uploads\/2021\/07\/VERMAY_Maschinenfuss_NFL_B.jpg","width":450,"height":450},{"@type":"BreadcrumbList","@id":"https:\/\/vermay.de\/hu\/termek\/kiegyenlito-lab-roegzitohoroggal-nfl-b\/#breadcrumb","itemListElement":[{"@type":"ListItem","position":1,"name":"Startseite","item":"https:\/\/vermay.de\/"},{"@type":"ListItem","position":2,"name":"Produktkonfigurator","item":"https:\/\/vermay.de\/produktkonfigurator\/"},{"@type":"ListItem","position":3,"name":"NFL-B"}]},{"@type":"WebSite","@id":"https:\/\/vermay.de\/#website","url":"https:\/\/vermay.de\/","name":"VERMAY GmbH","description":"on the level","publisher":{"@id":"https:\/\/vermay.de\/#organization"},"potentialAction":[{"@type":"SearchAction","target":{"@type":"EntryPoint","urlTemplate":"https:\/\/vermay.de\/?s={search_term_string}"},"query-input":{"@type":"PropertyValueSpecification","valueRequired":true,"valueName":"search_term_string"}}],"inLanguage":"en-US"},{"@type":"Organization","@id":"https:\/\/vermay.de\/#organization","name":"VERMAY GmbH","url":"https:\/\/vermay.de\/","logo":{"@type":"ImageObject","inLanguage":"en-US","@id":"https:\/\/vermay.de\/#\/schema\/logo\/image\/","url":"https:\/\/vermay.de\/wp-content\/uploads\/2021\/05\/Vermay_Logo_rgb.svg","contentUrl":"https:\/\/vermay.de\/wp-content\/uploads\/2021\/05\/Vermay_Logo_rgb.svg","width":232,"height":80,"caption":"VERMAY GmbH"},"image":{"@id":"https:\/\/vermay.de\/#\/schema\/logo\/image\/"}}]}},"_links":{"self":[{"href":"https:\/\/vermay.de\/en\/wp-json\/wp\/v2\/product\/6774","targetHints":{"allow":["GET"]}}],"collection":[{"href":"https:\/\/vermay.de\/en\/wp-json\/wp\/v2\/product"}],"about":[{"href":"https:\/\/vermay.de\/en\/wp-json\/wp\/v2\/types\/product"}],"version-history":[{"count":8,"href":"https:\/\/vermay.de\/en\/wp-json\/wp\/v2\/product\/6774\/revisions"}],"predecessor-version":[{"id":31179,"href":"https:\/\/vermay.de\/en\/wp-json\/wp\/v2\/product\/6774\/revisions\/31179"}],"wp:featuredmedia":[{"embeddable":true,"href":"https:\/\/vermay.de\/en\/wp-json\/wp\/v2\/media\/6777"}],"wp:attachment":[{"href":"https:\/\/vermay.de\/en\/wp-json\/wp\/v2\/media?parent=6774"}],"wp:term":[{"taxonomy":"product_brand","embeddable":true,"href":"https:\/\/vermay.de\/en\/wp-json\/wp\/v2\/product_brand?post=6774"},{"taxonomy":"product_cat","embeddable":true,"href":"https:\/\/vermay.de\/en\/wp-json\/wp\/v2\/product_cat?post=6774"},{"taxonomy":"product_tag","embeddable":true,"href":"https:\/\/vermay.de\/en\/wp-json\/wp\/v2\/product_tag?post=6774"}],"curies":[{"name":"wp","href":"https:\/\/api.w.org\/{rel}","templated":true}]}}