{"id":4822,"date":"2021-07-22T13:00:28","date_gmt":"2021-07-22T13:00:28","guid":{"rendered":"http:\/\/vermay.geb-staging.de\/?post_type=product&#038;p=4822"},"modified":"2026-01-16T10:34:41","modified_gmt":"2026-01-16T10:34:41","slug":"machine-base-for-high-load-tg-bl","status":"publish","type":"product","link":"https:\/\/vermay.de\/en\/product-2\/machine-base-for-high-load-tg-bl\/","title":{"rendered":"TG-BL"},"content":{"rendered":"<p>The spherical support at the transition from the base plate to the threaded spindle ensures easy adjustability even when the angle of inclination is utilised to the maximum. The threaded spindle made of stainless steel (1.4301) is connected to the stainless steel foot plate (1.4305) and can be rotated and tilted up to 9\u00b0 on all sides.<\/p>","protected":false},"excerpt":{"rendered":"<ul>\n<li>machine foot made of stainless steel<\/li>\n<li>plate 80 mm \u00d8 with two side holes<\/li>\n<li>the spindle is tiltable by 9\u00b0<\/li>\n<li><img decoding=\"async\" class=\"icongewicht icongewicht1\" src=\"https:\/\/vermay.de\/\/wp-content\/uploads\/2024\/11\/gewicht-2.svg\" \/><br \/>\n<img decoding=\"async\" class=\"icongewicht icongewicht2\" src=\"https:\/\/vermay.de\/\/wp-content\/uploads\/2024\/11\/gewicht.svg\" \/>Load range<br \/>\n2.000 &#8211; 2.500 kg<\/li>\n<\/ul>","protected":false},"featured_media":19249,"template":"","meta":{"_acf_changed":false},"product_brand":[],"product_cat":[42],"product_tag":[],"class_list":{"0":"post-4822","1":"product","2":"type-product","3":"status-publish","4":"has-post-thumbnail","6":"product_cat-maschinenfuse-nivellierfuse","8":"first","9":"instock","10":"taxable","11":"shipping-taxable","12":"purchasable","13":"product-type-variable","14":"has-default-attributes"},"acf":[],"yoast_head":"<!-- This site is optimized with the Yoast SEO plugin v27.6 - https:\/\/yoast.com\/product\/yoast-seo-wordpress\/ -->\n<title>TG-BL - Maschinenf\u00fc\u00dfe - VERMAY GmbH<\/title>\n<meta name=\"description\" content=\"Die am \u00dcbergang Fu\u00dfteller kugelf\u00f6rmig ausgebildete Auflage gew\u00e4hrleistet eine problemlose Verstellbarkeit des Neigungswinkels.\" \/>\n<meta name=\"robots\" content=\"index, follow, max-snippet:-1, max-image-preview:large, max-video-preview:-1\" \/>\n<link rel=\"canonical\" href=\"https:\/\/vermay.de\/en\/product-2\/machine-base-for-high-load-tg-bl\/\" \/>\n<meta property=\"og:locale\" content=\"en_US\" \/>\n<meta property=\"og:type\" content=\"article\" \/>\n<meta property=\"og:title\" content=\"TG-BL - Maschinenf\u00fc\u00dfe - VERMAY GmbH\" \/>\n<meta property=\"og:description\" content=\"Die am \u00dcbergang Fu\u00dfteller kugelf\u00f6rmig ausgebildete Auflage gew\u00e4hrleistet eine problemlose Verstellbarkeit des Neigungswinkels.\" \/>\n<meta property=\"og:url\" content=\"https:\/\/vermay.de\/en\/product-2\/machine-base-for-high-load-tg-bl\/\" \/>\n<meta property=\"og:site_name\" content=\"VERMAY GmbH\" \/>\n<meta property=\"article:modified_time\" content=\"2026-01-16T10:34:41+00:00\" \/>\n<meta property=\"og:image\" content=\"https:\/\/vermay.de\/wp-content\/uploads\/2021\/07\/Maschinenfuss_TG-BL_Vermay_01.jpeg\" \/>\n\t<meta property=\"og:image:width\" content=\"400\" \/>\n\t<meta property=\"og:image:height\" content=\"400\" \/>\n\t<meta property=\"og:image:type\" content=\"image\/jpeg\" \/>\n<meta name=\"twitter:card\" content=\"summary_large_image\" \/>\n<meta name=\"twitter:label1\" content=\"Est. reading time\" \/>\n\t<meta name=\"twitter:data1\" content=\"1 minute\" \/>\n<script type=\"application\/ld+json\" class=\"yoast-schema-graph\">{\"@context\":\"https:\\\/\\\/schema.org\",\"@graph\":[{\"@type\":\"WebPage\",\"@id\":\"https:\\\/\\\/vermay.de\\\/produkt\\\/maschinenfuss-fuer-hohe-belastung-tg-bl\\\/\",\"url\":\"https:\\\/\\\/vermay.de\\\/produkt\\\/maschinenfuss-fuer-hohe-belastung-tg-bl\\\/\",\"name\":\"TG-BL - Maschinenf\u00fc\u00dfe - VERMAY GmbH\",\"isPartOf\":{\"@id\":\"https:\\\/\\\/vermay.de\\\/#website\"},\"primaryImageOfPage\":{\"@id\":\"https:\\\/\\\/vermay.de\\\/produkt\\\/maschinenfuss-fuer-hohe-belastung-tg-bl\\\/#primaryimage\"},\"image\":{\"@id\":\"https:\\\/\\\/vermay.de\\\/produkt\\\/maschinenfuss-fuer-hohe-belastung-tg-bl\\\/#primaryimage\"},\"thumbnailUrl\":\"https:\\\/\\\/vermay.de\\\/wp-content\\\/uploads\\\/2021\\\/07\\\/Maschinenfuss_TG-BL_Vermay_01.jpeg\",\"datePublished\":\"2021-07-22T13:00:28+00:00\",\"dateModified\":\"2026-01-16T10:34:41+00:00\",\"description\":\"Die am \u00dcbergang Fu\u00dfteller kugelf\u00f6rmig ausgebildete Auflage gew\u00e4hrleistet eine problemlose Verstellbarkeit des Neigungswinkels.\",\"breadcrumb\":{\"@id\":\"https:\\\/\\\/vermay.de\\\/produkt\\\/maschinenfuss-fuer-hohe-belastung-tg-bl\\\/#breadcrumb\"},\"inLanguage\":\"en-US\",\"potentialAction\":[{\"@type\":\"ReadAction\",\"target\":[\"https:\\\/\\\/vermay.de\\\/produkt\\\/maschinenfuss-fuer-hohe-belastung-tg-bl\\\/\"]}]},{\"@type\":\"ImageObject\",\"inLanguage\":\"en-US\",\"@id\":\"https:\\\/\\\/vermay.de\\\/produkt\\\/maschinenfuss-fuer-hohe-belastung-tg-bl\\\/#primaryimage\",\"url\":\"https:\\\/\\\/vermay.de\\\/wp-content\\\/uploads\\\/2021\\\/07\\\/Maschinenfuss_TG-BL_Vermay_01.jpeg\",\"contentUrl\":\"https:\\\/\\\/vermay.de\\\/wp-content\\\/uploads\\\/2021\\\/07\\\/Maschinenfuss_TG-BL_Vermay_01.jpeg\",\"width\":400,\"height\":400,\"caption\":\"TG-BL stehend\"},{\"@type\":\"BreadcrumbList\",\"@id\":\"https:\\\/\\\/vermay.de\\\/produkt\\\/maschinenfuss-fuer-hohe-belastung-tg-bl\\\/#breadcrumb\",\"itemListElement\":[{\"@type\":\"ListItem\",\"position\":1,\"name\":\"Startseite\",\"item\":\"https:\\\/\\\/vermay.de\\\/\"},{\"@type\":\"ListItem\",\"position\":2,\"name\":\"Produktkonfigurator\",\"item\":\"https:\\\/\\\/vermay.de\\\/produktkonfigurator\\\/\"},{\"@type\":\"ListItem\",\"position\":3,\"name\":\"TG-BL\"}]},{\"@type\":\"WebSite\",\"@id\":\"https:\\\/\\\/vermay.de\\\/#website\",\"url\":\"https:\\\/\\\/vermay.de\\\/\",\"name\":\"VERMAY GmbH\",\"description\":\"on the level\",\"publisher\":{\"@id\":\"https:\\\/\\\/vermay.de\\\/#organization\"},\"potentialAction\":[{\"@type\":\"SearchAction\",\"target\":{\"@type\":\"EntryPoint\",\"urlTemplate\":\"https:\\\/\\\/vermay.de\\\/?s={search_term_string}\"},\"query-input\":{\"@type\":\"PropertyValueSpecification\",\"valueRequired\":true,\"valueName\":\"search_term_string\"}}],\"inLanguage\":\"en-US\"},{\"@type\":\"Organization\",\"@id\":\"https:\\\/\\\/vermay.de\\\/#organization\",\"name\":\"VERMAY GmbH\",\"url\":\"https:\\\/\\\/vermay.de\\\/\",\"logo\":{\"@type\":\"ImageObject\",\"inLanguage\":\"en-US\",\"@id\":\"https:\\\/\\\/vermay.de\\\/#\\\/schema\\\/logo\\\/image\\\/\",\"url\":\"https:\\\/\\\/vermay.de\\\/wp-content\\\/uploads\\\/2021\\\/05\\\/Vermay_Logo_rgb.svg\",\"contentUrl\":\"https:\\\/\\\/vermay.de\\\/wp-content\\\/uploads\\\/2021\\\/05\\\/Vermay_Logo_rgb.svg\",\"width\":232,\"height\":80,\"caption\":\"VERMAY GmbH\"},\"image\":{\"@id\":\"https:\\\/\\\/vermay.de\\\/#\\\/schema\\\/logo\\\/image\\\/\"}}]}<\/script>\n<!-- \/ Yoast SEO plugin. -->","yoast_head_json":{"title":"TG-BL - Machine feet - VERMAY GmbH","description":"The spherical support at the foot plate transition ensures that the angle of inclination can be easily adjusted.","robots":{"index":"index","follow":"follow","max-snippet":"max-snippet:-1","max-image-preview":"max-image-preview:large","max-video-preview":"max-video-preview:-1"},"canonical":"https:\/\/vermay.de\/en\/product-2\/machine-base-for-high-load-tg-bl\/","og_locale":"en_US","og_type":"article","og_title":"TG-BL - Maschinenf\u00fc\u00dfe - VERMAY GmbH","og_description":"Die am \u00dcbergang Fu\u00dfteller kugelf\u00f6rmig ausgebildete Auflage gew\u00e4hrleistet eine problemlose Verstellbarkeit des Neigungswinkels.","og_url":"https:\/\/vermay.de\/en\/product-2\/machine-base-for-high-load-tg-bl\/","og_site_name":"VERMAY GmbH","article_modified_time":"2026-01-16T10:34:41+00:00","og_image":[{"width":400,"height":400,"url":"https:\/\/vermay.de\/wp-content\/uploads\/2021\/07\/Maschinenfuss_TG-BL_Vermay_01.jpeg","type":"image\/jpeg"}],"twitter_card":"summary_large_image","twitter_misc":{"Est. reading time":"1 minute"},"schema":{"@context":"https:\/\/schema.org","@graph":[{"@type":"WebPage","@id":"https:\/\/vermay.de\/produkt\/maschinenfuss-fuer-hohe-belastung-tg-bl\/","url":"https:\/\/vermay.de\/produkt\/maschinenfuss-fuer-hohe-belastung-tg-bl\/","name":"TG-BL - Machine feet - VERMAY GmbH","isPartOf":{"@id":"https:\/\/vermay.de\/#website"},"primaryImageOfPage":{"@id":"https:\/\/vermay.de\/produkt\/maschinenfuss-fuer-hohe-belastung-tg-bl\/#primaryimage"},"image":{"@id":"https:\/\/vermay.de\/produkt\/maschinenfuss-fuer-hohe-belastung-tg-bl\/#primaryimage"},"thumbnailUrl":"https:\/\/vermay.de\/wp-content\/uploads\/2021\/07\/Maschinenfuss_TG-BL_Vermay_01.jpeg","datePublished":"2021-07-22T13:00:28+00:00","dateModified":"2026-01-16T10:34:41+00:00","description":"The spherical support at the foot plate transition ensures that the angle of inclination can be easily adjusted.","breadcrumb":{"@id":"https:\/\/vermay.de\/produkt\/maschinenfuss-fuer-hohe-belastung-tg-bl\/#breadcrumb"},"inLanguage":"en-US","potentialAction":[{"@type":"ReadAction","target":["https:\/\/vermay.de\/produkt\/maschinenfuss-fuer-hohe-belastung-tg-bl\/"]}]},{"@type":"ImageObject","inLanguage":"en-US","@id":"https:\/\/vermay.de\/produkt\/maschinenfuss-fuer-hohe-belastung-tg-bl\/#primaryimage","url":"https:\/\/vermay.de\/wp-content\/uploads\/2021\/07\/Maschinenfuss_TG-BL_Vermay_01.jpeg","contentUrl":"https:\/\/vermay.de\/wp-content\/uploads\/2021\/07\/Maschinenfuss_TG-BL_Vermay_01.jpeg","width":400,"height":400,"caption":"TG-BL stehend"},{"@type":"BreadcrumbList","@id":"https:\/\/vermay.de\/produkt\/maschinenfuss-fuer-hohe-belastung-tg-bl\/#breadcrumb","itemListElement":[{"@type":"ListItem","position":1,"name":"Startseite","item":"https:\/\/vermay.de\/"},{"@type":"ListItem","position":2,"name":"Produktkonfigurator","item":"https:\/\/vermay.de\/produktkonfigurator\/"},{"@type":"ListItem","position":3,"name":"TG-BL"}]},{"@type":"WebSite","@id":"https:\/\/vermay.de\/#website","url":"https:\/\/vermay.de\/","name":"VERMAY GmbH","description":"on the level","publisher":{"@id":"https:\/\/vermay.de\/#organization"},"potentialAction":[{"@type":"SearchAction","target":{"@type":"EntryPoint","urlTemplate":"https:\/\/vermay.de\/?s={search_term_string}"},"query-input":{"@type":"PropertyValueSpecification","valueRequired":true,"valueName":"search_term_string"}}],"inLanguage":"en-US"},{"@type":"Organization","@id":"https:\/\/vermay.de\/#organization","name":"VERMAY GmbH","url":"https:\/\/vermay.de\/","logo":{"@type":"ImageObject","inLanguage":"en-US","@id":"https:\/\/vermay.de\/#\/schema\/logo\/image\/","url":"https:\/\/vermay.de\/wp-content\/uploads\/2021\/05\/Vermay_Logo_rgb.svg","contentUrl":"https:\/\/vermay.de\/wp-content\/uploads\/2021\/05\/Vermay_Logo_rgb.svg","width":232,"height":80,"caption":"VERMAY GmbH"},"image":{"@id":"https:\/\/vermay.de\/#\/schema\/logo\/image\/"}}]}},"_links":{"self":[{"href":"https:\/\/vermay.de\/en\/wp-json\/wp\/v2\/product\/4822","targetHints":{"allow":["GET"]}}],"collection":[{"href":"https:\/\/vermay.de\/en\/wp-json\/wp\/v2\/product"}],"about":[{"href":"https:\/\/vermay.de\/en\/wp-json\/wp\/v2\/types\/product"}],"version-history":[{"count":10,"href":"https:\/\/vermay.de\/en\/wp-json\/wp\/v2\/product\/4822\/revisions"}],"predecessor-version":[{"id":31194,"href":"https:\/\/vermay.de\/en\/wp-json\/wp\/v2\/product\/4822\/revisions\/31194"}],"wp:featuredmedia":[{"embeddable":true,"href":"https:\/\/vermay.de\/en\/wp-json\/wp\/v2\/media\/19249"}],"wp:attachment":[{"href":"https:\/\/vermay.de\/en\/wp-json\/wp\/v2\/media?parent=4822"}],"wp:term":[{"taxonomy":"product_brand","embeddable":true,"href":"https:\/\/vermay.de\/en\/wp-json\/wp\/v2\/product_brand?post=4822"},{"taxonomy":"product_cat","embeddable":true,"href":"https:\/\/vermay.de\/en\/wp-json\/wp\/v2\/product_cat?post=4822"},{"taxonomy":"product_tag","embeddable":true,"href":"https:\/\/vermay.de\/en\/wp-json\/wp\/v2\/product_tag?post=4822"}],"curies":[{"name":"wp","href":"https:\/\/api.w.org\/{rel}","templated":true}]}}